{"id":3864,"date":"2023-12-19T16:46:37","date_gmt":"2023-12-19T15:46:37","guid":{"rendered":"https:\/\/www.lafineheure.fr\/?page_id=3864"},"modified":"2024-01-31T11:29:24","modified_gmt":"2024-01-31T10:29:24","slug":"bon-cadeau-le-duche","status":"publish","type":"page","link":"https:\/\/www.lafineheure.fr\/index.php\/bon-cadeau-le-duche\/","title":{"rendered":"Bon Cadeau Le Duch\u00e9"},"content":{"rendered":"<div class=\"wpb-content-wrapper\"><p>[vc_row pattern_svg_path=\u00a0\u00bb\u00a0\u00bb][vc_column][vc_empty_space height=\u00a0\u00bb48px\u00a0\u00bb]<div class=\"eltdf-section-title-holder    eltdf-st-decor-animation\" style=\"text-align: center\">\n\t<div class=\"eltdf-st-inner\">\n        \t\t            <div class=\"eltdf-st-title-holder\">\n                                    <div class=\"decor\"><svg xmlns=\"http:\/\/www.w3.org\/2000\/svg\" width=\"41.125\" height=\"9.146\">\n                            <path fill=\"none\" stroke=\"#9C7C57\" stroke-miterlimit=\"10\" d=\"M40.881 8.576L20.562.591.244 8.576\"\/>\n                            <path fill=\"none\" stroke=\"#9C7C57\" stroke-miterlimit=\"10\" d=\"M40.881.591L20.562 8.576.243.591\"\/>\n                        <\/svg><\/div>\n                                <h2 class=\"eltdf-st-title\" >\n                    Les bons cadeaux                <\/h2>\n                                    <div class=\"decor\"><svg xmlns=\"http:\/\/www.w3.org\/2000\/svg\" width=\"41.125\" height=\"9.146\">\n                            <path fill=\"none\" stroke=\"#9C7C57\" stroke-miterlimit=\"10\" d=\"M40.881 8.576L20.562.591.244 8.576\"\/>\n                            <path fill=\"none\" stroke=\"#9C7C57\" stroke-miterlimit=\"10\" d=\"M40.881.591L20.562 8.576.243.591\"\/>\n                        <\/svg><\/div>\n                            <\/div>\n\t\t\t\t\t\t\t<\/div>\n<\/div>[vc_column_text]<\/p>\n<blockquote>\n<p class=\"has-text-align-center\">Vous souhaitez faire plaisir \u00e0 vos proches, un couple d\u2019amis ou des coll\u00e8gues ?<br \/>\nPour un anniversaire, un pr\u00e9sent pour No\u00ebl, un cadeau de mariage\u2026<br \/>\nLa Fine Heure vous propose des \u00ab\u00a0Bons Cadeaux\u00a0\u00bb<\/p>\n<\/blockquote>\n<p>[\/vc_column_text]<div class=\"eltdf-section-title-holder    \" style=\"text-align: center\">\n\t<div class=\"eltdf-st-inner\">\n        \t\t\t\t\t\t\t\t\t<div class=\"eltdf-st-button\"><a itemprop=\"url\" href=\"https:\/\/www.lafineheure.fr\/index.php\/bons-cadeaux\/\" target=\"_self\"  class=\"eltdf-btn eltdf-btn-medium eltdf-btn-outline\"  >        <span class=\"eltdf-btn-text\">Voir tous les bons cadeaux<\/span>        <\/a><\/div>\n\t\t\t<\/div>\n<\/div>[vc_empty_space height=\u00a0\u00bb48px\u00a0\u00bb][\/vc_column][\/vc_row][vc_row content_text_aligment=\u00a0\u00bbcenter\u00a0\u00bb css=\u00a0\u00bb.vc_custom_1602185986561{padding-top: 0px !important;}\u00a0\u00bb pattern_svg_path=\u00a0\u00bb\u00a0\u00bb][vc_column offset=\u00a0\u00bbvc_col-lg-12 vc_col-md-12&Prime; el_class=\u00a0\u00bbcols-2-b\u00a0\u00bb]<div class=\"eltdf-elements-holder   eltdf-two-columns  eltdf-responsive-mode-1024  fifty-fifty\" ><div class=\"eltdf-eh-item    \" style=\"background-image: url(https:\/\/www.lafineheure.fr\/wp-content\/uploads\/2020\/10\/1807_47_LA-FINE-HEURE_FOUQUIN-3-scaled.jpg)\" data-item-class=\"eltdf-eh-custom-1520\" data-681-768=\"40% 0\" data-680=\"50% 0\">\n\t<div class=\"eltdf-eh-item-inner\">\n\t\t<div class=\"eltdf-eh-item-content eltdf-eh-custom-1520\" >\n\t\t\t\t\t<\/div>\n\t<\/div>\n<\/div><div class=\"eltdf-eh-item    \" style=\"background-color: #0f1d22\" data-item-class=\"eltdf-eh-custom-2025\" data-1400-1600=\"180px 20px\" data-1025-1399=\"180px 20px\" data-769-1024=\"160px 20px\" data-681-768=\"160px 10px\" data-680=\"160px 11%\">\n\t<div class=\"eltdf-eh-item-inner\">\n\t\t<div class=\"eltdf-eh-item-content eltdf-eh-custom-2025\" style=\"padding: 180px 0\">\n\t\t\t<div class=\"eltdf-section-title-holder    eltdf-st-decor-animation\" style=\"text-align: center\">\n\t<div class=\"eltdf-st-inner\">\n                    <span class=\"eltdf-st-tagline\">\n                Bon Cadeau            <\/span>\n        \t\t            <div class=\"eltdf-st-title-holder\">\n                                    <div class=\"decor\"><svg xmlns=\"http:\/\/www.w3.org\/2000\/svg\" width=\"41.125\" height=\"9.146\">\n                            <path fill=\"none\" stroke=\"#9C7C57\" stroke-miterlimit=\"10\" d=\"M40.881 8.576L20.562.591.244 8.576\"\/>\n                            <path fill=\"none\" stroke=\"#9C7C57\" stroke-miterlimit=\"10\" d=\"M40.881.591L20.562 8.576.243.591\"\/>\n                        <\/svg><\/div>\n                                <h2 class=\"eltdf-st-title\" >\n                    Le Duch\u00e9                <\/h2>\n                                    <div class=\"decor\"><svg xmlns=\"http:\/\/www.w3.org\/2000\/svg\" width=\"41.125\" height=\"9.146\">\n                            <path fill=\"none\" stroke=\"#9C7C57\" stroke-miterlimit=\"10\" d=\"M40.881 8.576L20.562.591.244 8.576\"\/>\n                            <path fill=\"none\" stroke=\"#9C7C57\" stroke-miterlimit=\"10\" d=\"M40.881.591L20.562 8.576.243.591\"\/>\n                        <\/svg><\/div>\n                            <\/div>\n\t\t\t\t\t\t\t<p class=\"eltdf-st-text\" >\n\t\t\t\tUn repas \u00e0 la Carte complet et gargantuesque\t\t\t<\/p>\n\t\t\t\t\t<\/div>\n<\/div>[vc_empty_space][vc_column_text]<\/p>\n<ul>\n<li>2 ap\u00e9ritifs maison ou Kir Royaux<\/li>\n<li>2 Menus des Ducs (entr\u00e9e + plat + fromage + dessert)<\/li>\n<li>50cl de Vin de Hautes C\u00f4tes de Beaune ou Nuits<\/li>\n<li>50cl d&rsquo;eau min\u00e9rale plate ou gazeuse<\/li>\n<li>2 boissons chaudes (caf\u00e9, th\u00e9, infusion)<\/li>\n<li>1 Cadeau souvenir surprise<\/li>\n<\/ul>\n<p>[\/vc_column_text][vc_empty_space height=\u00a0\u00bb45px\u00a0\u00bb]<div class=\"eltdf-section-title-holder    \" style=\"text-align: center\">\n\t<div class=\"eltdf-st-inner\">\n                    <span class=\"eltdf-st-tagline\">\n                125\u20ac - Validit\u00e9 18 mois            <\/span>\n        \t\t\t\t\t\t\t<\/div>\n<\/div>[vc_column_text]    <form class=\"cart\" action=\"https:\/\/www.lafineheure.fr\/index.php\/bon-cadeau-le-duche\/\" method=\"post\" enctype=\"multipart\/form-data\">\n        <button type=\"submit\" name=\"add-to-cart\" value=\"3691\" class=\"single_add_to_cart_button button alt eltdf-btn-outline eltdf-btn eltdf-btn-medium eltdf-btn-outline\">Ajouter au panier<\/button>\n    <\/form>\n    [\/vc_column_text]\t\t<\/div>\n\t<\/div>\n<\/div><\/div>[\/vc_column][\/vc_row]<\/p>\n<\/div>","protected":false},"excerpt":{"rendered":"<p>[vc_row pattern_svg_path=\u00a0\u00bb\u00a0\u00bb][vc_column][vc_empty_space height=\u00a0\u00bb48px\u00a0\u00bb][vc_column_text] Vous souhaitez faire plaisir \u00e0 vos proches, un couple d\u2019amis ou des coll\u00e8gues ? Pour un anniversaire, un pr\u00e9sent pour No\u00ebl, un cadeau de mariage\u2026 La Fine Heure vous propose des \u00ab\u00a0Bons Cadeaux\u00a0\u00bb [\/vc_column_text][vc_empty_space height=\u00a0\u00bb48px\u00a0\u00bb][\/vc_column][\/vc_row][vc_row content_text_aligment=\u00a0\u00bbcenter\u00a0\u00bb css=\u00a0\u00bb.vc_custom_1602185986561{padding-top: [&hellip;]<\/p>\n","protected":false},"author":5,"featured_media":98,"parent":0,"menu_order":0,"comment_status":"closed","ping_status":"closed","template":"full-width.php","meta":{"_acf_changed":false,"footnotes":""},"class_list":["post-3864","page","type-page","status-publish","has-post-thumbnail","hentry"],"acf":[],"yoast_head":"<!-- This site is optimized with the Yoast SEO plugin v26.8 - https:\/\/yoast.com\/product\/yoast-seo-wordpress\/ -->\n<title>Bons cadeaux - La Fine Heure<\/title>\n<meta name=\"description\" content=\"L&#039;exp\u00e9rience La Fine Heure peut \u00e9galement s&#039;offrir ! Faites plaisir \u00e0 vos proches en leur offrant un menu d\u00e9couverte aux sp\u00e9cialit\u00e9s bourguignonnes.\" \/>\n<meta name=\"robots\" content=\"index, follow, max-snippet:-1, max-image-preview:large, max-video-preview:-1\" \/>\n<link rel=\"canonical\" href=\"https:\/\/www.lafineheure.fr\/index.php\/bon-cadeau-le-duche\/\" \/>\n<meta property=\"og:locale\" content=\"fr_FR\" \/>\n<meta property=\"og:type\" content=\"article\" \/>\n<meta property=\"og:title\" content=\"Bons cadeaux - La Fine Heure\" \/>\n<meta property=\"og:description\" content=\"L&#039;exp\u00e9rience La Fine Heure peut \u00e9galement s&#039;offrir ! Faites plaisir \u00e0 vos proches en leur offrant un menu d\u00e9couverte aux sp\u00e9cialit\u00e9s bourguignonnes.\" \/>\n<meta property=\"og:url\" content=\"https:\/\/www.lafineheure.fr\/index.php\/bon-cadeau-le-duche\/\" \/>\n<meta property=\"og:site_name\" content=\"La Fine Heure\" \/>\n<meta property=\"article:modified_time\" content=\"2024-01-31T10:29:24+00:00\" \/>\n<meta property=\"og:image\" content=\"https:\/\/www.lafineheure.fr\/wp-content\/uploads\/2020\/03\/sanglier-4-scaled.jpg\" \/>\n\t<meta property=\"og:image:width\" content=\"2560\" \/>\n\t<meta property=\"og:image:height\" content=\"2560\" \/>\n\t<meta property=\"og:image:type\" content=\"image\/jpeg\" \/>\n<meta name=\"twitter:card\" content=\"summary_large_image\" \/>\n<meta name=\"twitter:label1\" content=\"Dur\u00e9e de lecture estim\u00e9e\" \/>\n\t<meta name=\"twitter:data1\" content=\"1 minute\" \/>\n<script type=\"application\/ld+json\" class=\"yoast-schema-graph\">{\"@context\":\"https:\/\/schema.org\",\"@graph\":[{\"@type\":\"WebPage\",\"@id\":\"https:\/\/www.lafineheure.fr\/index.php\/bon-cadeau-le-duche\/\",\"url\":\"https:\/\/www.lafineheure.fr\/index.php\/bon-cadeau-le-duche\/\",\"name\":\"Bons cadeaux - La Fine Heure\",\"isPartOf\":{\"@id\":\"https:\/\/www.lafineheure.fr\/#website\"},\"primaryImageOfPage\":{\"@id\":\"https:\/\/www.lafineheure.fr\/index.php\/bon-cadeau-le-duche\/#primaryimage\"},\"image\":{\"@id\":\"https:\/\/www.lafineheure.fr\/index.php\/bon-cadeau-le-duche\/#primaryimage\"},\"thumbnailUrl\":\"https:\/\/www.lafineheure.fr\/wp-content\/uploads\/2020\/03\/sanglier-4-scaled.jpg\",\"datePublished\":\"2023-12-19T15:46:37+00:00\",\"dateModified\":\"2024-01-31T10:29:24+00:00\",\"description\":\"L'exp\u00e9rience La Fine Heure peut \u00e9galement s'offrir ! Faites plaisir \u00e0 vos proches en leur offrant un menu d\u00e9couverte aux sp\u00e9cialit\u00e9s bourguignonnes.\",\"breadcrumb\":{\"@id\":\"https:\/\/www.lafineheure.fr\/index.php\/bon-cadeau-le-duche\/#breadcrumb\"},\"inLanguage\":\"fr-FR\",\"potentialAction\":[{\"@type\":\"ReadAction\",\"target\":[\"https:\/\/www.lafineheure.fr\/index.php\/bon-cadeau-le-duche\/\"]}]},{\"@type\":\"ImageObject\",\"inLanguage\":\"fr-FR\",\"@id\":\"https:\/\/www.lafineheure.fr\/index.php\/bon-cadeau-le-duche\/#primaryimage\",\"url\":\"https:\/\/www.lafineheure.fr\/wp-content\/uploads\/2020\/03\/sanglier-4-scaled.jpg\",\"contentUrl\":\"https:\/\/www.lafineheure.fr\/wp-content\/uploads\/2020\/03\/sanglier-4-scaled.jpg\",\"width\":2560,\"height\":2560,\"caption\":\"Restaurant dijon bons cadeaux\"},{\"@type\":\"BreadcrumbList\",\"@id\":\"https:\/\/www.lafineheure.fr\/index.php\/bon-cadeau-le-duche\/#breadcrumb\",\"itemListElement\":[{\"@type\":\"ListItem\",\"position\":1,\"name\":\"Accueil\",\"item\":\"https:\/\/www.lafineheure.fr\/\"},{\"@type\":\"ListItem\",\"position\":2,\"name\":\"Bon Cadeau Le Duch\u00e9\"}]},{\"@type\":\"WebSite\",\"@id\":\"https:\/\/www.lafineheure.fr\/#website\",\"url\":\"https:\/\/www.lafineheure.fr\/\",\"name\":\"La Fine Heure\",\"description\":\"Restaurant - Cave \u00e0 vins\",\"publisher\":{\"@id\":\"https:\/\/www.lafineheure.fr\/#organization\"},\"potentialAction\":[{\"@type\":\"SearchAction\",\"target\":{\"@type\":\"EntryPoint\",\"urlTemplate\":\"https:\/\/www.lafineheure.fr\/?s={search_term_string}\"},\"query-input\":{\"@type\":\"PropertyValueSpecification\",\"valueRequired\":true,\"valueName\":\"search_term_string\"}}],\"inLanguage\":\"fr-FR\"},{\"@type\":\"Organization\",\"@id\":\"https:\/\/www.lafineheure.fr\/#organization\",\"name\":\"La Fine Heure\",\"url\":\"https:\/\/www.lafineheure.fr\/\",\"logo\":{\"@type\":\"ImageObject\",\"inLanguage\":\"fr-FR\",\"@id\":\"https:\/\/www.lafineheure.fr\/#\/schema\/logo\/image\/\",\"url\":\"https:\/\/www.lafineheure.fr\/wp-content\/uploads\/2020\/09\/logo-la-fine-heure_RVB.png\",\"contentUrl\":\"https:\/\/www.lafineheure.fr\/wp-content\/uploads\/2020\/09\/logo-la-fine-heure_RVB.png\",\"width\":1470,\"height\":1147,\"caption\":\"La Fine Heure\"},\"image\":{\"@id\":\"https:\/\/www.lafineheure.fr\/#\/schema\/logo\/image\/\"}}]}<\/script>\n<!-- \/ Yoast SEO plugin. -->","yoast_head_json":{"title":"Bons cadeaux - La Fine Heure","description":"L'exp\u00e9rience La Fine Heure peut \u00e9galement s'offrir ! Faites plaisir \u00e0 vos proches en leur offrant un menu d\u00e9couverte aux sp\u00e9cialit\u00e9s bourguignonnes.","robots":{"index":"index","follow":"follow","max-snippet":"max-snippet:-1","max-image-preview":"max-image-preview:large","max-video-preview":"max-video-preview:-1"},"canonical":"https:\/\/www.lafineheure.fr\/index.php\/bon-cadeau-le-duche\/","og_locale":"fr_FR","og_type":"article","og_title":"Bons cadeaux - La Fine Heure","og_description":"L'exp\u00e9rience La Fine Heure peut \u00e9galement s'offrir ! Faites plaisir \u00e0 vos proches en leur offrant un menu d\u00e9couverte aux sp\u00e9cialit\u00e9s bourguignonnes.","og_url":"https:\/\/www.lafineheure.fr\/index.php\/bon-cadeau-le-duche\/","og_site_name":"La Fine Heure","article_modified_time":"2024-01-31T10:29:24+00:00","og_image":[{"width":2560,"height":2560,"url":"https:\/\/www.lafineheure.fr\/wp-content\/uploads\/2020\/03\/sanglier-4-scaled.jpg","type":"image\/jpeg"}],"twitter_card":"summary_large_image","twitter_misc":{"Dur\u00e9e de lecture estim\u00e9e":"1 minute"},"schema":{"@context":"https:\/\/schema.org","@graph":[{"@type":"WebPage","@id":"https:\/\/www.lafineheure.fr\/index.php\/bon-cadeau-le-duche\/","url":"https:\/\/www.lafineheure.fr\/index.php\/bon-cadeau-le-duche\/","name":"Bons cadeaux - La Fine Heure","isPartOf":{"@id":"https:\/\/www.lafineheure.fr\/#website"},"primaryImageOfPage":{"@id":"https:\/\/www.lafineheure.fr\/index.php\/bon-cadeau-le-duche\/#primaryimage"},"image":{"@id":"https:\/\/www.lafineheure.fr\/index.php\/bon-cadeau-le-duche\/#primaryimage"},"thumbnailUrl":"https:\/\/www.lafineheure.fr\/wp-content\/uploads\/2020\/03\/sanglier-4-scaled.jpg","datePublished":"2023-12-19T15:46:37+00:00","dateModified":"2024-01-31T10:29:24+00:00","description":"L'exp\u00e9rience La Fine Heure peut \u00e9galement s'offrir ! Faites plaisir \u00e0 vos proches en leur offrant un menu d\u00e9couverte aux sp\u00e9cialit\u00e9s bourguignonnes.","breadcrumb":{"@id":"https:\/\/www.lafineheure.fr\/index.php\/bon-cadeau-le-duche\/#breadcrumb"},"inLanguage":"fr-FR","potentialAction":[{"@type":"ReadAction","target":["https:\/\/www.lafineheure.fr\/index.php\/bon-cadeau-le-duche\/"]}]},{"@type":"ImageObject","inLanguage":"fr-FR","@id":"https:\/\/www.lafineheure.fr\/index.php\/bon-cadeau-le-duche\/#primaryimage","url":"https:\/\/www.lafineheure.fr\/wp-content\/uploads\/2020\/03\/sanglier-4-scaled.jpg","contentUrl":"https:\/\/www.lafineheure.fr\/wp-content\/uploads\/2020\/03\/sanglier-4-scaled.jpg","width":2560,"height":2560,"caption":"Restaurant dijon bons cadeaux"},{"@type":"BreadcrumbList","@id":"https:\/\/www.lafineheure.fr\/index.php\/bon-cadeau-le-duche\/#breadcrumb","itemListElement":[{"@type":"ListItem","position":1,"name":"Accueil","item":"https:\/\/www.lafineheure.fr\/"},{"@type":"ListItem","position":2,"name":"Bon Cadeau Le Duch\u00e9"}]},{"@type":"WebSite","@id":"https:\/\/www.lafineheure.fr\/#website","url":"https:\/\/www.lafineheure.fr\/","name":"La Fine Heure","description":"Restaurant - Cave \u00e0 vins","publisher":{"@id":"https:\/\/www.lafineheure.fr\/#organization"},"potentialAction":[{"@type":"SearchAction","target":{"@type":"EntryPoint","urlTemplate":"https:\/\/www.lafineheure.fr\/?s={search_term_string}"},"query-input":{"@type":"PropertyValueSpecification","valueRequired":true,"valueName":"search_term_string"}}],"inLanguage":"fr-FR"},{"@type":"Organization","@id":"https:\/\/www.lafineheure.fr\/#organization","name":"La Fine Heure","url":"https:\/\/www.lafineheure.fr\/","logo":{"@type":"ImageObject","inLanguage":"fr-FR","@id":"https:\/\/www.lafineheure.fr\/#\/schema\/logo\/image\/","url":"https:\/\/www.lafineheure.fr\/wp-content\/uploads\/2020\/09\/logo-la-fine-heure_RVB.png","contentUrl":"https:\/\/www.lafineheure.fr\/wp-content\/uploads\/2020\/09\/logo-la-fine-heure_RVB.png","width":1470,"height":1147,"caption":"La Fine Heure"},"image":{"@id":"https:\/\/www.lafineheure.fr\/#\/schema\/logo\/image\/"}}]}},"_links":{"self":[{"href":"https:\/\/www.lafineheure.fr\/index.php\/wp-json\/wp\/v2\/pages\/3864","targetHints":{"allow":["GET"]}}],"collection":[{"href":"https:\/\/www.lafineheure.fr\/index.php\/wp-json\/wp\/v2\/pages"}],"about":[{"href":"https:\/\/www.lafineheure.fr\/index.php\/wp-json\/wp\/v2\/types\/page"}],"author":[{"embeddable":true,"href":"https:\/\/www.lafineheure.fr\/index.php\/wp-json\/wp\/v2\/users\/5"}],"replies":[{"embeddable":true,"href":"https:\/\/www.lafineheure.fr\/index.php\/wp-json\/wp\/v2\/comments?post=3864"}],"version-history":[{"count":6,"href":"https:\/\/www.lafineheure.fr\/index.php\/wp-json\/wp\/v2\/pages\/3864\/revisions"}],"predecessor-version":[{"id":3870,"href":"https:\/\/www.lafineheure.fr\/index.php\/wp-json\/wp\/v2\/pages\/3864\/revisions\/3870"}],"wp:featuredmedia":[{"embeddable":true,"href":"https:\/\/www.lafineheure.fr\/index.php\/wp-json\/wp\/v2\/media\/98"}],"wp:attachment":[{"href":"https:\/\/www.lafineheure.fr\/index.php\/wp-json\/wp\/v2\/media?parent=3864"}],"curies":[{"name":"wp","href":"https:\/\/api.w.org\/{rel}","templated":true}]}}