{"id":6,"date":"2020-03-19T10:45:47","date_gmt":"2020-03-19T09:45:47","guid":{"rendered":"https:\/\/lafineheure.wordpress.com\/?page_id=6"},"modified":"2023-03-22T10:11:16","modified_gmt":"2023-03-22T09:11:16","slug":"blog","status":"publish","type":"page","link":"https:\/\/www.lafineheure.fr\/index.php\/blog\/","title":{"rendered":"la fine heure"},"content":{"rendered":"<div class=\"wpb-content-wrapper\"><p>[vc_row][vc_column parallax=\u00a0\u00bbcontent-moving\u00a0\u00bb parallax_image=\u00a0\u00bb3173&Prime; css=\u00a0\u00bb.vc_custom_1679476082776{padding-top: 300px !important;padding-right: 30px !important;padding-bottom: 150px !important;padding-left: 30px !important;}\u00a0\u00bb el_class=\u00a0\u00bbhome-header\u00a0\u00bb][vc_column_text]<\/p>\n<h1 class=\"has-text-align-center\" style=\"text-align: center;\"><strong>La fine heure<\/strong><\/h1>\n<h5 style=\"text-align: center;\">Restaurant et Cave \u00e0 Vins<\/h5>\n<p>[\/vc_column_text][vc_raw_html css=\u00a0\u00bb.vc_custom_1602796356278{margin-top: 50px !important;}\u00a0\u00bb]JTNDZGl2JTIwY2xhc3MlM0QlMjJlbHRkZi10ZXN0aW1vbmlhbHMtaG9sZGVyJTIyJTNFJTNDZGl2JTIwY2xhc3MlM0QlMjJlbHRkZi10ZXN0aW1vbmlhbHMtbWFyayUyMiUzRSUzQyUyRmRpdiUzRSUzQyUyRmRpdiUzRQ==[\/vc_raw_html][vc_column_text css=\u00a0\u00bb.vc_custom_1602796328236{margin-top: 0px !important;}\u00a0\u00bb]<\/p>\n<blockquote>\n<h6 style=\"text-align: center;\">Cuisine cr\u00e9ative, recettes traditionnelles, \u00e9quipe jeune et dynamique<br \/>\nSp\u00e9cialit\u00e9s bourguignonnes, convivial et chaleureux<\/h6>\n<\/blockquote>\n<p>[\/vc_column_text][\/vc_column][\/vc_row][vc_row][vc_column css=\u00a0\u00bb.vc_custom_1602799395404{padding-top: 80px !important;padding-right: 20px !important;padding-bottom: 50px !important;padding-left: 20px !important;}\u00a0\u00bb]<div class=\"eltdf-section-title-holder    \" style=\"text-align: center\">\n\t<div class=\"eltdf-st-inner\">\n                    <span class=\"eltdf-st-tagline\">\n                Une cuisine alliant            <\/span>\n        \t\t            <div class=\"eltdf-st-title-holder\">\n                                    <div class=\"decor\"><svg xmlns=\"http:\/\/www.w3.org\/2000\/svg\" width=\"41.125\" height=\"9.146\">\n                            <path fill=\"none\" stroke=\"#9C7C57\" stroke-miterlimit=\"10\" d=\"M40.881 8.576L20.562.591.244 8.576\"\/>\n                            <path fill=\"none\" stroke=\"#9C7C57\" stroke-miterlimit=\"10\" d=\"M40.881.591L20.562 8.576.243.591\"\/>\n                        <\/svg><\/div>\n                                <h2 class=\"eltdf-st-title\" >\n                    Terroir et Modernit\u00e9                <\/h2>\n                                    <div class=\"decor\"><svg xmlns=\"http:\/\/www.w3.org\/2000\/svg\" width=\"41.125\" height=\"9.146\">\n                            <path fill=\"none\" stroke=\"#9C7C57\" stroke-miterlimit=\"10\" d=\"M40.881 8.576L20.562.591.244 8.576\"\/>\n                            <path fill=\"none\" stroke=\"#9C7C57\" stroke-miterlimit=\"10\" d=\"M40.881.591L20.562 8.576.243.591\"\/>\n                        <\/svg><\/div>\n                            <\/div>\n\t\t\t\t\t\t\t<\/div>\n<\/div>[\/vc_column][vc_column css=\u00a0\u00bb.vc_custom_1602801484277{margin-top: 0px !important;margin-bottom: 30px !important;padding-right: 60px !important;padding-left: 60px !important;}\u00a0\u00bb]<div class=\"eltdf-image-gallery eltdf-grid-list eltdf-grid-masonry-list eltdf-disable-bottom-space  eltdf-ig-masonry-type eltdf-three-columns eltdf-huge-space  eltdf-image-behavior-lightbox\">\n\t<div class=\"eltdf-ig-inner eltdf-outer-space eltdf-masonry-list-wrapper\">\n\t\t<div class=\"eltdf-masonry-grid-sizer\"><\/div>\n\t\t<div class=\"eltdf-masonry-grid-gutter\"><\/div>\n\t\t\t\t\t\t\t\t<div class=\"eltdf-ig-image eltdf-item-space \">\n\t\t\t\t<div class=\"eltdf-ig-image-inner\">\n\t\t\t\t\t\t<img loading=\"lazy\" decoding=\"async\" src=\"https:\/\/www.lafineheure.fr\/wp-content\/uploads\/2020\/10\/1807_47_LA-FINE-HEURE_FOUQUIN-3-scaled-1000x600.jpg\" alt=\"Restaurant dijon bons cadeaux\" width=\"1000\" height=\"600\" \/>\n                                                    <a itemprop=\"image\" class=\"eltdf-ig-lightbox\" href=\"https:\/\/www.lafineheure.fr\/wp-content\/uploads\/2020\/10\/1807_47_LA-FINE-HEURE_FOUQUIN-3-scaled.jpg\" data-rel=\"prettyPhoto[image_gallery_pretty_photo-624]\" title=\"1807_47_LA FINE HEURE_FOUQUIN-3\">\n                                                                                <div class=\"eltdf-ig-overlay\">\n                                <svg xmlns=\"http:\/\/www.w3.org\/2000\/svg\" xmlns:xlink=\"http:\/\/www.w3.org\/1999\/xlink\" x=\"0px\" y=\"0px\"\n                     width=\"47.994px\" height=\"47.994px\" viewBox=\"0 0 47.994 47.994\" enable-background=\"new 0 0 47.994 47.994\" xml:space=\"preserve\">\n                    <line fill=\"none\" stroke=\"#715B3E\" stroke-miterlimit=\"10\" x1=\"21.044\" y1=\"3\" x2=\"21.044\" y2=\"47.994\"\/>\n                    <line fill=\"none\" stroke=\"#715B3E\" stroke-miterlimit=\"10\" x1=\"27.044\" y1=\"0\" x2=\"27.044\" y2=\"44.994\"\/>\n                    <line fill=\"none\" stroke=\"#715B3E\" stroke-miterlimit=\"10\" x1=\"44.994\" y1=\"21.484\" x2=\"0\" y2=\"21.484\"\/>\n                    <line fill=\"none\" stroke=\"#715B3E\" stroke-miterlimit=\"10\" x1=\"47.994\" y1=\"26.5\" x2=\"3\" y2=\"26.5\"\/>\n                <\/svg>                            <\/div>\n                        <\/a>\n                    \t\t\t\t<\/div>\n\t\t\t<\/div>\n\t\t\t\t\t\t\t\t<div class=\"eltdf-ig-image eltdf-item-space \">\n\t\t\t\t<div class=\"eltdf-ig-image-inner\">\n\t\t\t\t\t\t<img loading=\"lazy\" decoding=\"async\" src=\"https:\/\/www.lafineheure.fr\/wp-content\/uploads\/2020\/10\/1910_52_LA-FINE-HEURE_FOUQUIN-2-scaled-1000x600.jpg\" alt=\"Restaurant dijon bons cadeaux\" width=\"1000\" height=\"600\" \/>\n                                                    <a itemprop=\"image\" class=\"eltdf-ig-lightbox\" href=\"https:\/\/www.lafineheure.fr\/wp-content\/uploads\/2020\/10\/1910_52_LA-FINE-HEURE_FOUQUIN-2-scaled.jpg\" data-rel=\"prettyPhoto[image_gallery_pretty_photo-624]\" title=\"1910_52_LA FINE HEURE_FOUQUIN-2\">\n                                                                                <div class=\"eltdf-ig-overlay\">\n                                <svg xmlns=\"http:\/\/www.w3.org\/2000\/svg\" xmlns:xlink=\"http:\/\/www.w3.org\/1999\/xlink\" x=\"0px\" y=\"0px\"\n                     width=\"47.994px\" height=\"47.994px\" viewBox=\"0 0 47.994 47.994\" enable-background=\"new 0 0 47.994 47.994\" xml:space=\"preserve\">\n                    <line fill=\"none\" stroke=\"#715B3E\" stroke-miterlimit=\"10\" x1=\"21.044\" y1=\"3\" x2=\"21.044\" y2=\"47.994\"\/>\n                    <line fill=\"none\" stroke=\"#715B3E\" stroke-miterlimit=\"10\" x1=\"27.044\" y1=\"0\" x2=\"27.044\" y2=\"44.994\"\/>\n                    <line fill=\"none\" stroke=\"#715B3E\" stroke-miterlimit=\"10\" x1=\"44.994\" y1=\"21.484\" x2=\"0\" y2=\"21.484\"\/>\n                    <line fill=\"none\" stroke=\"#715B3E\" stroke-miterlimit=\"10\" x1=\"47.994\" y1=\"26.5\" x2=\"3\" y2=\"26.5\"\/>\n                <\/svg>                            <\/div>\n                        <\/a>\n                    \t\t\t\t<\/div>\n\t\t\t<\/div>\n\t\t\t\t\t\t\t\t<div class=\"eltdf-ig-image eltdf-item-space \">\n\t\t\t\t<div class=\"eltdf-ig-image-inner\">\n\t\t\t\t\t\t<img loading=\"lazy\" decoding=\"async\" src=\"https:\/\/www.lafineheure.fr\/wp-content\/uploads\/2020\/10\/IMG_8345-e1621337138820-1000x600.jpg\" alt=\"\" width=\"1000\" height=\"600\" \/>\n                                                    <a itemprop=\"image\" class=\"eltdf-ig-lightbox\" href=\"https:\/\/www.lafineheure.fr\/wp-content\/uploads\/2020\/10\/IMG_8345-e1621337138820.jpg\" data-rel=\"prettyPhoto[image_gallery_pretty_photo-624]\" title=\"IMG_8345\">\n                                                                                <div class=\"eltdf-ig-overlay\">\n                                <svg xmlns=\"http:\/\/www.w3.org\/2000\/svg\" xmlns:xlink=\"http:\/\/www.w3.org\/1999\/xlink\" x=\"0px\" y=\"0px\"\n                     width=\"47.994px\" height=\"47.994px\" viewBox=\"0 0 47.994 47.994\" enable-background=\"new 0 0 47.994 47.994\" xml:space=\"preserve\">\n                    <line fill=\"none\" stroke=\"#715B3E\" stroke-miterlimit=\"10\" x1=\"21.044\" y1=\"3\" x2=\"21.044\" y2=\"47.994\"\/>\n                    <line fill=\"none\" stroke=\"#715B3E\" stroke-miterlimit=\"10\" x1=\"27.044\" y1=\"0\" x2=\"27.044\" y2=\"44.994\"\/>\n                    <line fill=\"none\" stroke=\"#715B3E\" stroke-miterlimit=\"10\" x1=\"44.994\" y1=\"21.484\" x2=\"0\" y2=\"21.484\"\/>\n                    <line fill=\"none\" stroke=\"#715B3E\" stroke-miterlimit=\"10\" x1=\"47.994\" y1=\"26.5\" x2=\"3\" y2=\"26.5\"\/>\n                <\/svg>                            <\/div>\n                        <\/a>\n                    \t\t\t\t<\/div>\n\t\t\t<\/div>\n\t\t\t<\/div>\n<\/div>[vc_empty_space][vc_column_text]<\/p>\n<blockquote><p>Redonner ses lettres de noblesse \u00e0 la cuisine de nos grands m\u00e8res.<\/p><\/blockquote>\n<p>[\/vc_column_text][\/vc_column][\/vc_row][vc_row row_content_width=\u00a0\u00bbgrid\u00a0\u00bb pattern_svg_path=\u00a0\u00bb\u00a0\u00bb][vc_column width=\u00a0\u00bb1\/4&Prime;][\/vc_column][vc_column width=\u00a0\u00bb1\/2&Prime; css=\u00a0\u00bb.vc_custom_1603531857593{padding-top: 30px !important;padding-right: 40px !important;padding-bottom: 30px !important;padding-left: 40px !important;background-color: #0f1d22 !important;}\u00a0\u00bb][vc_column_text]<\/p>\n<p>A chaque <strong>saison<\/strong> nous apportons la <strong>cr\u00e9ativit\u00e9<\/strong> et la <strong>modernit\u00e9<\/strong> qu\u2019elle m\u00e9rite.<\/p>\n<p>Jonathan MOLLION travaille avec son \u00e9quipe pour vous offrir une exp\u00e9rience culinaire <strong>bourguignonne<\/strong> en travaillant avec des <strong>produits frais<\/strong>, <strong>locaux<\/strong> et soigneusement s\u00e9lectionn\u00e9s pour leurs <strong>qualit\u00e9s<\/strong>.<\/p>\n<p>[\/vc_column_text]<div class=\"eltdf-call-to-action-holder  eltdf-simple-layout \">\n\t<div class=\"eltdf-cta-inner \">\n\t\t<div class=\"eltdf-cta-text-holder\">\n\t\t\t<div class=\"eltdf-cta-text\"><\/div>\n\t\t<\/div>\n\t\t<div class=\"eltdf-cta-button-holder\" >\n\t\t\t<div class=\"eltdf-cta-button\"><a itemprop=\"url\" href=\"https:\/\/www.lafineheure.fr\/index.php\/nos-menus-de-saison\/\" target=\"_self\"  class=\"eltdf-btn eltdf-btn-medium eltdf-btn-outline\"  >        <span class=\"eltdf-btn-text\">Nos menus de saison<\/span>        <\/a><\/div>\n\t\t<\/div>\n\t<\/div>\n<\/div>[\/vc_column][vc_column width=\u00a0\u00bb1\/4&Prime;][\/vc_column][vc_column][vc_empty_space height=\u00a0\u00bb64px\u00a0\u00bb][\/vc_column][\/vc_row][vc_row content_text_aligment=\u00a0\u00bbcenter\u00a0\u00bb pattern_svg_path=\u00a0\u00bb\u00a0\u00bb parallax_background_image=\u00a0\u00bb2770&Prime;][vc_column]<div class=\"eltdf-elements-holder   eltdf-one-column  eltdf-responsive-mode-768  \" ><div class=\"eltdf-eh-item    \"  data-item-class=\"eltdf-eh-custom-4061\">\n\t<div class=\"eltdf-eh-item-inner\">\n\t\t<div class=\"eltdf-eh-item-content eltdf-eh-custom-4061\" style=\"padding: 96px 0 96px 0\">\n\t\t\t<div class=\"eltdf-section-title-holder    \" style=\"text-align: center\">\n\t<div class=\"eltdf-st-inner\">\n                    <span class=\"eltdf-st-tagline\">\n                Une \u00e9quipe            <\/span>\n        \t\t            <div class=\"eltdf-st-title-holder\">\n                                    <div class=\"decor\"><svg xmlns=\"http:\/\/www.w3.org\/2000\/svg\" width=\"41.125\" height=\"9.146\">\n                            <path fill=\"none\" stroke=\"#9C7C57\" stroke-miterlimit=\"10\" d=\"M40.881 8.576L20.562.591.244 8.576\"\/>\n                            <path fill=\"none\" stroke=\"#9C7C57\" stroke-miterlimit=\"10\" d=\"M40.881.591L20.562 8.576.243.591\"\/>\n                        <\/svg><\/div>\n                                <h2 class=\"eltdf-st-title\" >\n                    Jeune et Passionn\u00e9e                <\/h2>\n                                    <div class=\"decor\"><svg xmlns=\"http:\/\/www.w3.org\/2000\/svg\" width=\"41.125\" height=\"9.146\">\n                            <path fill=\"none\" stroke=\"#9C7C57\" stroke-miterlimit=\"10\" d=\"M40.881 8.576L20.562.591.244 8.576\"\/>\n                            <path fill=\"none\" stroke=\"#9C7C57\" stroke-miterlimit=\"10\" d=\"M40.881.591L20.562 8.576.243.591\"\/>\n                        <\/svg><\/div>\n                            <\/div>\n\t\t\t\t\t\t\t<\/div>\n<\/div><div class=\"eltdf-video-button-holder  \">\n\t<div class=\"eltdf-video-button-image\">\n\t\t\t<\/div>\n\t\t\t<a class=\"eltdf-video-button-play\"  href=\"https:\/\/vimeo.com\/470214245\" data-rel=\"prettyPhoto[video_button_pretty_photo_114]\">\n\t\t\t<span class=\"eltdf-video-button-play-inner\">\n\t\t\t\t<span>\n                    <svg xmlns=\"http:\/\/www.w3.org\/2000\/svg\" xmlns:xlink=\"http:\/\/www.w3.org\/1999\/xlink\" x=\"0px\" y=\"0px\"\n                         width=\"97.094px\" height=\"97.094px\" viewBox=\"0 0 97.094 97.094\" enable-background=\"new 0 0 97.094 97.094\" xml:space=\"preserve\">\n                        <circle fill=\"none\" stroke=\"currentColor\" stroke-miterlimit=\"10\" cx=\"48.558\" cy=\"48.548\" r=\"48\"\/>\n                        <circle fill=\"none\" class=\"eltdf-popout\" stroke=\"none\" stroke-miterlimit=\"10\" cx=\"48.558\" cy=\"48.548\" r=\"41.037\"\/>\n                        <polygon fill=\"none\" stroke=\"currentColor\" stroke-miterlimit=\"10\" points=\"42.578,69.964 42.578,27.13 63.994,48.546 \"\/>\n                    <\/svg>\n                <\/span>\n\t\t\t<\/span>\n\t\t<\/a>\n\t<\/div><div class=\"eltdf-call-to-action-holder  eltdf-simple-layout \">\n\t<div class=\"eltdf-cta-inner \">\n\t\t<div class=\"eltdf-cta-text-holder\">\n\t\t\t<div class=\"eltdf-cta-text\"><\/div>\n\t\t<\/div>\n\t\t<div class=\"eltdf-cta-button-holder\" style=\"margin-top: -16px\">\n\t\t\t<div class=\"eltdf-cta-button\"><a itemprop=\"url\" href=\"https:\/\/www.lafineheure.fr\/index.php\/reserver\" target=\"_self\"  class=\"eltdf-btn eltdf-btn-medium eltdf-btn-outline\"  >        <span class=\"eltdf-btn-text\">R\u00e9servez<\/span>        <\/a><\/div>\n\t\t<\/div>\n\t<\/div>\n<\/div>\t\t<\/div>\n\t<\/div>\n<\/div><\/div><div class=\"eltdf-separator-holder clearfix  eltdf-separator-center eltdf-separator-full-width\">\n\t<div class=\"eltdf-separator\" style=\"border-color: #715b3e\"><\/div>\n<\/div>\n[\/vc_column][\/vc_row]<\/p>\n<\/div>","protected":false},"excerpt":{"rendered":"<p>[vc_row][vc_column parallax=\u00a0\u00bbcontent-moving\u00a0\u00bb parallax_image=\u00a0\u00bb3173&Prime; css=\u00a0\u00bb.vc_custom_1679476082776{padding-top: 300px !important;padding-right: 30px !important;padding-bottom: 150px !important;padding-left: 30px !important;}\u00a0\u00bb el_class=\u00a0\u00bbhome-header\u00a0\u00bb][vc_column_text] La fine heure Restaurant et Cave \u00e0 Vins [\/vc_column_text][vc_raw_html css=\u00a0\u00bb.vc_custom_1602796356278{margin-top: 50px !important;}\u00a0\u00bb]JTNDZGl2JTIwY2xhc3MlM0QlMjJlbHRkZi10ZXN0aW1vbmlhbHMtaG9sZGVyJTIyJTNFJTNDZGl2JTIwY2xhc3MlM0QlMjJlbHRkZi10ZXN0aW1vbmlhbHMtbWFyayUyMiUzRSUzQyUyRmRpdiUzRSUzQyUyRmRpdiUzRQ==[\/vc_raw_html][vc_column_text css=\u00a0\u00bb.vc_custom_1602796328236{margin-top: 0px !important;}\u00a0\u00bb] Cuisine cr\u00e9ative, recettes traditionnelles, \u00e9quipe jeune et dynamique Sp\u00e9cialit\u00e9s bourguignonnes, convivial et [&hellip;]<\/p>\n","protected":false},"author":1,"featured_media":58,"parent":0,"menu_order":1,"comment_status":"closed","ping_status":"closed","template":"full-width.php","meta":{"_acf_changed":false,"footnotes":""},"class_list":["post-6","page","type-page","status-publish","has-post-thumbnail","hentry"],"acf":[],"yoast_head":"<!-- This site is optimized with the Yoast SEO plugin v26.8 - https:\/\/yoast.com\/product\/yoast-seo-wordpress\/ -->\n<title>la fine heure - La Fine Heure<\/title>\n<meta name=\"robots\" content=\"index, follow, max-snippet:-1, max-image-preview:large, max-video-preview:-1\" \/>\n<link rel=\"canonical\" href=\"https:\/\/www.lafineheure.fr\/index.php\/blog\/\" \/>\n<meta property=\"og:locale\" content=\"fr_FR\" \/>\n<meta property=\"og:type\" content=\"article\" \/>\n<meta property=\"og:title\" content=\"la fine heure - La Fine Heure\" \/>\n<meta property=\"og:description\" content=\"[vc_row][vc_column parallax=\u00a0\u00bbcontent-moving\u00a0\u00bb parallax_image=\u00a0\u00bb3173&Prime; css=\u00a0\u00bb.vc_custom_1679476082776{padding-top: 300px !important;padding-right: 30px !important;padding-bottom: 150px !important;padding-left: 30px !important;}\u00a0\u00bb el_class=\u00a0\u00bbhome-header\u00a0\u00bb][vc_column_text] La fine heure Restaurant et Cave \u00e0 Vins [\/vc_column_text][vc_raw_html css=\u00a0\u00bb.vc_custom_1602796356278{margin-top: 50px !important;}\u00a0\u00bb]JTNDZGl2JTIwY2xhc3MlM0QlMjJlbHRkZi10ZXN0aW1vbmlhbHMtaG9sZGVyJTIyJTNFJTNDZGl2JTIwY2xhc3MlM0QlMjJlbHRkZi10ZXN0aW1vbmlhbHMtbWFyayUyMiUzRSUzQyUyRmRpdiUzRSUzQyUyRmRpdiUzRQ==[\/vc_raw_html][vc_column_text css=\u00a0\u00bb.vc_custom_1602796328236{margin-top: 0px !important;}\u00a0\u00bb] Cuisine cr\u00e9ative, recettes traditionnelles, \u00e9quipe jeune et dynamique Sp\u00e9cialit\u00e9s bourguignonnes, convivial et [&hellip;]\" \/>\n<meta property=\"og:url\" content=\"https:\/\/www.lafineheure.fr\/index.php\/blog\/\" \/>\n<meta property=\"og:site_name\" content=\"La Fine Heure\" \/>\n<meta property=\"article:modified_time\" content=\"2023-03-22T09:11:16+00:00\" \/>\n<meta property=\"og:image\" content=\"https:\/\/www.lafineheure.fr\/wp-content\/uploads\/2020\/03\/tonneau_2.jpg\" \/>\n\t<meta property=\"og:image:width\" content=\"1029\" \/>\n\t<meta property=\"og:image:height\" content=\"684\" \/>\n\t<meta property=\"og:image:type\" content=\"image\/jpeg\" \/>\n<meta name=\"twitter:card\" content=\"summary_large_image\" \/>\n<meta name=\"twitter:label1\" content=\"Dur\u00e9e de lecture estim\u00e9e\" \/>\n\t<meta name=\"twitter:data1\" content=\"2 minutes\" \/>\n<script type=\"application\/ld+json\" class=\"yoast-schema-graph\">{\"@context\":\"https:\/\/schema.org\",\"@graph\":[{\"@type\":\"WebPage\",\"@id\":\"https:\/\/www.lafineheure.fr\/index.php\/blog\/\",\"url\":\"https:\/\/www.lafineheure.fr\/index.php\/blog\/\",\"name\":\"la fine heure - La Fine Heure\",\"isPartOf\":{\"@id\":\"https:\/\/www.lafineheure.fr\/#website\"},\"primaryImageOfPage\":{\"@id\":\"https:\/\/www.lafineheure.fr\/index.php\/blog\/#primaryimage\"},\"image\":{\"@id\":\"https:\/\/www.lafineheure.fr\/index.php\/blog\/#primaryimage\"},\"thumbnailUrl\":\"https:\/\/www.lafineheure.fr\/wp-content\/uploads\/2020\/03\/tonneau_2.jpg\",\"datePublished\":\"2020-03-19T09:45:47+00:00\",\"dateModified\":\"2023-03-22T09:11:16+00:00\",\"breadcrumb\":{\"@id\":\"https:\/\/www.lafineheure.fr\/index.php\/blog\/#breadcrumb\"},\"inLanguage\":\"fr-FR\",\"potentialAction\":[{\"@type\":\"ReadAction\",\"target\":[\"https:\/\/www.lafineheure.fr\/index.php\/blog\/\"]}]},{\"@type\":\"ImageObject\",\"inLanguage\":\"fr-FR\",\"@id\":\"https:\/\/www.lafineheure.fr\/index.php\/blog\/#primaryimage\",\"url\":\"https:\/\/www.lafineheure.fr\/wp-content\/uploads\/2020\/03\/tonneau_2.jpg\",\"contentUrl\":\"https:\/\/www.lafineheure.fr\/wp-content\/uploads\/2020\/03\/tonneau_2.jpg\",\"width\":1029,\"height\":684},{\"@type\":\"BreadcrumbList\",\"@id\":\"https:\/\/www.lafineheure.fr\/index.php\/blog\/#breadcrumb\",\"itemListElement\":[{\"@type\":\"ListItem\",\"position\":1,\"name\":\"Accueil\",\"item\":\"https:\/\/www.lafineheure.fr\/\"},{\"@type\":\"ListItem\",\"position\":2,\"name\":\"la fine heure\"}]},{\"@type\":\"WebSite\",\"@id\":\"https:\/\/www.lafineheure.fr\/#website\",\"url\":\"https:\/\/www.lafineheure.fr\/\",\"name\":\"La Fine Heure\",\"description\":\"Restaurant - Cave \u00e0 vins\",\"publisher\":{\"@id\":\"https:\/\/www.lafineheure.fr\/#organization\"},\"potentialAction\":[{\"@type\":\"SearchAction\",\"target\":{\"@type\":\"EntryPoint\",\"urlTemplate\":\"https:\/\/www.lafineheure.fr\/?s={search_term_string}\"},\"query-input\":{\"@type\":\"PropertyValueSpecification\",\"valueRequired\":true,\"valueName\":\"search_term_string\"}}],\"inLanguage\":\"fr-FR\"},{\"@type\":\"Organization\",\"@id\":\"https:\/\/www.lafineheure.fr\/#organization\",\"name\":\"La Fine Heure\",\"url\":\"https:\/\/www.lafineheure.fr\/\",\"logo\":{\"@type\":\"ImageObject\",\"inLanguage\":\"fr-FR\",\"@id\":\"https:\/\/www.lafineheure.fr\/#\/schema\/logo\/image\/\",\"url\":\"https:\/\/www.lafineheure.fr\/wp-content\/uploads\/2020\/09\/logo-la-fine-heure_RVB.png\",\"contentUrl\":\"https:\/\/www.lafineheure.fr\/wp-content\/uploads\/2020\/09\/logo-la-fine-heure_RVB.png\",\"width\":1470,\"height\":1147,\"caption\":\"La Fine Heure\"},\"image\":{\"@id\":\"https:\/\/www.lafineheure.fr\/#\/schema\/logo\/image\/\"}}]}<\/script>\n<!-- \/ Yoast SEO plugin. -->","yoast_head_json":{"title":"la fine heure - La Fine Heure","robots":{"index":"index","follow":"follow","max-snippet":"max-snippet:-1","max-image-preview":"max-image-preview:large","max-video-preview":"max-video-preview:-1"},"canonical":"https:\/\/www.lafineheure.fr\/index.php\/blog\/","og_locale":"fr_FR","og_type":"article","og_title":"la fine heure - La Fine Heure","og_description":"[vc_row][vc_column parallax=\u00a0\u00bbcontent-moving\u00a0\u00bb parallax_image=\u00a0\u00bb3173&Prime; css=\u00a0\u00bb.vc_custom_1679476082776{padding-top: 300px !important;padding-right: 30px !important;padding-bottom: 150px !important;padding-left: 30px !important;}\u00a0\u00bb el_class=\u00a0\u00bbhome-header\u00a0\u00bb][vc_column_text] La fine heure Restaurant et Cave \u00e0 Vins [\/vc_column_text][vc_raw_html css=\u00a0\u00bb.vc_custom_1602796356278{margin-top: 50px !important;}\u00a0\u00bb]JTNDZGl2JTIwY2xhc3MlM0QlMjJlbHRkZi10ZXN0aW1vbmlhbHMtaG9sZGVyJTIyJTNFJTNDZGl2JTIwY2xhc3MlM0QlMjJlbHRkZi10ZXN0aW1vbmlhbHMtbWFyayUyMiUzRSUzQyUyRmRpdiUzRSUzQyUyRmRpdiUzRQ==[\/vc_raw_html][vc_column_text css=\u00a0\u00bb.vc_custom_1602796328236{margin-top: 0px !important;}\u00a0\u00bb] Cuisine cr\u00e9ative, recettes traditionnelles, \u00e9quipe jeune et dynamique Sp\u00e9cialit\u00e9s bourguignonnes, convivial et [&hellip;]","og_url":"https:\/\/www.lafineheure.fr\/index.php\/blog\/","og_site_name":"La Fine Heure","article_modified_time":"2023-03-22T09:11:16+00:00","og_image":[{"width":1029,"height":684,"url":"https:\/\/www.lafineheure.fr\/wp-content\/uploads\/2020\/03\/tonneau_2.jpg","type":"image\/jpeg"}],"twitter_card":"summary_large_image","twitter_misc":{"Dur\u00e9e de lecture estim\u00e9e":"2 minutes"},"schema":{"@context":"https:\/\/schema.org","@graph":[{"@type":"WebPage","@id":"https:\/\/www.lafineheure.fr\/index.php\/blog\/","url":"https:\/\/www.lafineheure.fr\/index.php\/blog\/","name":"la fine heure - La Fine Heure","isPartOf":{"@id":"https:\/\/www.lafineheure.fr\/#website"},"primaryImageOfPage":{"@id":"https:\/\/www.lafineheure.fr\/index.php\/blog\/#primaryimage"},"image":{"@id":"https:\/\/www.lafineheure.fr\/index.php\/blog\/#primaryimage"},"thumbnailUrl":"https:\/\/www.lafineheure.fr\/wp-content\/uploads\/2020\/03\/tonneau_2.jpg","datePublished":"2020-03-19T09:45:47+00:00","dateModified":"2023-03-22T09:11:16+00:00","breadcrumb":{"@id":"https:\/\/www.lafineheure.fr\/index.php\/blog\/#breadcrumb"},"inLanguage":"fr-FR","potentialAction":[{"@type":"ReadAction","target":["https:\/\/www.lafineheure.fr\/index.php\/blog\/"]}]},{"@type":"ImageObject","inLanguage":"fr-FR","@id":"https:\/\/www.lafineheure.fr\/index.php\/blog\/#primaryimage","url":"https:\/\/www.lafineheure.fr\/wp-content\/uploads\/2020\/03\/tonneau_2.jpg","contentUrl":"https:\/\/www.lafineheure.fr\/wp-content\/uploads\/2020\/03\/tonneau_2.jpg","width":1029,"height":684},{"@type":"BreadcrumbList","@id":"https:\/\/www.lafineheure.fr\/index.php\/blog\/#breadcrumb","itemListElement":[{"@type":"ListItem","position":1,"name":"Accueil","item":"https:\/\/www.lafineheure.fr\/"},{"@type":"ListItem","position":2,"name":"la fine heure"}]},{"@type":"WebSite","@id":"https:\/\/www.lafineheure.fr\/#website","url":"https:\/\/www.lafineheure.fr\/","name":"La Fine Heure","description":"Restaurant - Cave \u00e0 vins","publisher":{"@id":"https:\/\/www.lafineheure.fr\/#organization"},"potentialAction":[{"@type":"SearchAction","target":{"@type":"EntryPoint","urlTemplate":"https:\/\/www.lafineheure.fr\/?s={search_term_string}"},"query-input":{"@type":"PropertyValueSpecification","valueRequired":true,"valueName":"search_term_string"}}],"inLanguage":"fr-FR"},{"@type":"Organization","@id":"https:\/\/www.lafineheure.fr\/#organization","name":"La Fine Heure","url":"https:\/\/www.lafineheure.fr\/","logo":{"@type":"ImageObject","inLanguage":"fr-FR","@id":"https:\/\/www.lafineheure.fr\/#\/schema\/logo\/image\/","url":"https:\/\/www.lafineheure.fr\/wp-content\/uploads\/2020\/09\/logo-la-fine-heure_RVB.png","contentUrl":"https:\/\/www.lafineheure.fr\/wp-content\/uploads\/2020\/09\/logo-la-fine-heure_RVB.png","width":1470,"height":1147,"caption":"La Fine Heure"},"image":{"@id":"https:\/\/www.lafineheure.fr\/#\/schema\/logo\/image\/"}}]}},"_links":{"self":[{"href":"https:\/\/www.lafineheure.fr\/index.php\/wp-json\/wp\/v2\/pages\/6","targetHints":{"allow":["GET"]}}],"collection":[{"href":"https:\/\/www.lafineheure.fr\/index.php\/wp-json\/wp\/v2\/pages"}],"about":[{"href":"https:\/\/www.lafineheure.fr\/index.php\/wp-json\/wp\/v2\/types\/page"}],"author":[{"embeddable":true,"href":"https:\/\/www.lafineheure.fr\/index.php\/wp-json\/wp\/v2\/users\/1"}],"replies":[{"embeddable":true,"href":"https:\/\/www.lafineheure.fr\/index.php\/wp-json\/wp\/v2\/comments?post=6"}],"version-history":[{"count":123,"href":"https:\/\/www.lafineheure.fr\/index.php\/wp-json\/wp\/v2\/pages\/6\/revisions"}],"predecessor-version":[{"id":3174,"href":"https:\/\/www.lafineheure.fr\/index.php\/wp-json\/wp\/v2\/pages\/6\/revisions\/3174"}],"wp:featuredmedia":[{"embeddable":true,"href":"https:\/\/www.lafineheure.fr\/index.php\/wp-json\/wp\/v2\/media\/58"}],"wp:attachment":[{"href":"https:\/\/www.lafineheure.fr\/index.php\/wp-json\/wp\/v2\/media?parent=6"}],"curies":[{"name":"wp","href":"https:\/\/api.w.org\/{rel}","templated":true}]}}