{"id":75,"date":"2020-03-23T17:39:33","date_gmt":"2020-03-23T16:39:33","guid":{"rendered":"https:\/\/lafineheure.wordpress.com\/?page_id=75"},"modified":"2024-01-18T10:25:39","modified_gmt":"2024-01-18T09:25:39","slug":"reserver","status":"publish","type":"page","link":"https:\/\/www.lafineheure.fr\/index.php\/reserver\/","title":{"rendered":"R\u00e9server !"},"content":{"rendered":"<div class=\"wpb-content-wrapper\"><p>[vc_row css=\u00a0\u00bb.vc_custom_1605449303823{padding-right: 20px !important;padding-left: 20px !important;}\u00a0\u00bb pattern_svg_path=\u00a0\u00bb\u00a0\u00bb][vc_column css=\u00a0\u00bb.vc_custom_1603571987079{margin-bottom: 96px !important;}\u00a0\u00bb][vc_column_text]<\/p>\r\n<h2 style=\"text-align: center;\">R\u00e9servez une table en ligne<\/h2>\r\n<p>[\/vc_column_text][\/vc_column][\/vc_row][vc_row parallax_background_image=\u00a0\u00bb2729&Prime; pattern_svg_path=\u00a0\u00bb\u00a0\u00bb][vc_column][vc_column_text css=\u00a0\u00bb.vc_custom_1605446225486{margin-top: 32px !important;margin-bottom: 64px !important;}\u00a0\u00bb]<br \/><iframe loading=\"lazy\" style=\"display: block; margin: 0 auto; max-width: 600px; height: 630px;\" src=\"https:\/\/bookings.zenchef.com\/results?rid=354833&amp;fullscreen=1\" width=\"100%\" height=\"630\" frameborder=\"0\" scrolling=\"yes\"><\/iframe>[\/vc_column_text][\/vc_column][\/vc_row]<\/p><\/div>","protected":false},"excerpt":{"rendered":"<p>[vc_row css=\u00a0\u00bb.vc_custom_1605449303823{padding-right: 20px !important;padding-left: 20px !important;}\u00a0\u00bb pattern_svg_path=\u00a0\u00bb\u00a0\u00bb][vc_column css=\u00a0\u00bb.vc_custom_1603571987079{margin-bottom: 96px !important;}\u00a0\u00bb][vc_column_text] R\u00e9servez une table en ligne [\/vc_column_text][\/vc_column][\/vc_row][vc_row parallax_background_image=\u00a0\u00bb2729&Prime; pattern_svg_path=\u00a0\u00bb\u00a0\u00bb][vc_column][vc_column_text css=\u00a0\u00bb.vc_custom_1605446225486{margin-top: 32px !important;margin-bottom: 64px !important;}\u00a0\u00bb][\/vc_column_text][\/vc_column][\/vc_row]<\/p>\n","protected":false},"author":2,"featured_media":58,"parent":0,"menu_order":0,"comment_status":"closed","ping_status":"closed","template":"full-width.php","meta":{"_acf_changed":false,"footnotes":""},"class_list":["post-75","page","type-page","status-publish","has-post-thumbnail","hentry"],"acf":[],"yoast_head":"<!-- This site is optimized with the Yoast SEO plugin v27.4 - https:\/\/yoast.com\/product\/yoast-seo-wordpress\/ -->\n<title>R\u00e9servez votre table au restaurant La Fine Heure \u00e0 Dijon<\/title>\n<meta name=\"description\" content=\"R\u00e9servez votre table au restaurant La Fine Heure en ligne pour go\u00fbter notre cuisine cr\u00e9ative et savourer nos vins d&#039;exception.\" \/>\n<meta name=\"robots\" content=\"index, follow, max-snippet:-1, max-image-preview:large, max-video-preview:-1\" \/>\n<link rel=\"canonical\" href=\"https:\/\/www.lafineheure.fr\/index.php\/reserver\/\" \/>\n<meta property=\"og:locale\" content=\"fr_FR\" \/>\n<meta property=\"og:type\" content=\"article\" \/>\n<meta property=\"og:title\" content=\"R\u00e9servez votre table au restaurant La Fine Heure \u00e0 Dijon\" \/>\n<meta property=\"og:description\" content=\"R\u00e9servez votre table au restaurant La Fine Heure en ligne pour go\u00fbter notre cuisine cr\u00e9ative et savourer nos vins d&#039;exception.\" \/>\n<meta property=\"og:url\" content=\"https:\/\/www.lafineheure.fr\/index.php\/reserver\/\" \/>\n<meta property=\"og:site_name\" content=\"La Fine Heure\" \/>\n<meta property=\"article:modified_time\" content=\"2024-01-18T09:25:39+00:00\" \/>\n<meta property=\"og:image\" content=\"https:\/\/www.lafineheure.fr\/wp-content\/uploads\/2020\/03\/tonneau_2.jpg\" \/>\n\t<meta property=\"og:image:width\" content=\"1029\" \/>\n\t<meta property=\"og:image:height\" content=\"684\" \/>\n\t<meta property=\"og:image:type\" content=\"image\/jpeg\" \/>\n<meta name=\"twitter:card\" content=\"summary_large_image\" \/>\n<meta name=\"twitter:label1\" content=\"Dur\u00e9e de lecture estim\u00e9e\" \/>\n\t<meta name=\"twitter:data1\" content=\"1 minute\" \/>\n<script type=\"application\/ld+json\" class=\"yoast-schema-graph\">{\"@context\":\"https:\\\/\\\/schema.org\",\"@graph\":[{\"@type\":\"WebPage\",\"@id\":\"https:\\\/\\\/www.lafineheure.fr\\\/index.php\\\/reserver\\\/\",\"url\":\"https:\\\/\\\/www.lafineheure.fr\\\/index.php\\\/reserver\\\/\",\"name\":\"R\u00e9servez votre table au restaurant La Fine Heure \u00e0 Dijon\",\"isPartOf\":{\"@id\":\"https:\\\/\\\/www.lafineheure.fr\\\/#website\"},\"primaryImageOfPage\":{\"@id\":\"https:\\\/\\\/www.lafineheure.fr\\\/index.php\\\/reserver\\\/#primaryimage\"},\"image\":{\"@id\":\"https:\\\/\\\/www.lafineheure.fr\\\/index.php\\\/reserver\\\/#primaryimage\"},\"thumbnailUrl\":\"https:\\\/\\\/www.lafineheure.fr\\\/wp-content\\\/uploads\\\/2020\\\/03\\\/tonneau_2.jpg\",\"datePublished\":\"2020-03-23T16:39:33+00:00\",\"dateModified\":\"2024-01-18T09:25:39+00:00\",\"description\":\"R\u00e9servez votre table au restaurant La Fine Heure en ligne pour go\u00fbter notre cuisine cr\u00e9ative et savourer nos vins d'exception.\",\"breadcrumb\":{\"@id\":\"https:\\\/\\\/www.lafineheure.fr\\\/index.php\\\/reserver\\\/#breadcrumb\"},\"inLanguage\":\"fr-FR\",\"potentialAction\":[{\"@type\":\"ReadAction\",\"target\":[\"https:\\\/\\\/www.lafineheure.fr\\\/index.php\\\/reserver\\\/\"]}]},{\"@type\":\"ImageObject\",\"inLanguage\":\"fr-FR\",\"@id\":\"https:\\\/\\\/www.lafineheure.fr\\\/index.php\\\/reserver\\\/#primaryimage\",\"url\":\"https:\\\/\\\/www.lafineheure.fr\\\/wp-content\\\/uploads\\\/2020\\\/03\\\/tonneau_2.jpg\",\"contentUrl\":\"https:\\\/\\\/www.lafineheure.fr\\\/wp-content\\\/uploads\\\/2020\\\/03\\\/tonneau_2.jpg\",\"width\":1029,\"height\":684},{\"@type\":\"BreadcrumbList\",\"@id\":\"https:\\\/\\\/www.lafineheure.fr\\\/index.php\\\/reserver\\\/#breadcrumb\",\"itemListElement\":[{\"@type\":\"ListItem\",\"position\":1,\"name\":\"Accueil\",\"item\":\"https:\\\/\\\/www.lafineheure.fr\\\/\"},{\"@type\":\"ListItem\",\"position\":2,\"name\":\"R\u00e9server !\"}]},{\"@type\":\"WebSite\",\"@id\":\"https:\\\/\\\/www.lafineheure.fr\\\/#website\",\"url\":\"https:\\\/\\\/www.lafineheure.fr\\\/\",\"name\":\"La Fine Heure\",\"description\":\"Restaurant - Cave \u00e0 vins\",\"publisher\":{\"@id\":\"https:\\\/\\\/www.lafineheure.fr\\\/#organization\"},\"potentialAction\":[{\"@type\":\"SearchAction\",\"target\":{\"@type\":\"EntryPoint\",\"urlTemplate\":\"https:\\\/\\\/www.lafineheure.fr\\\/?s={search_term_string}\"},\"query-input\":{\"@type\":\"PropertyValueSpecification\",\"valueRequired\":true,\"valueName\":\"search_term_string\"}}],\"inLanguage\":\"fr-FR\"},{\"@type\":\"Organization\",\"@id\":\"https:\\\/\\\/www.lafineheure.fr\\\/#organization\",\"name\":\"La Fine Heure\",\"url\":\"https:\\\/\\\/www.lafineheure.fr\\\/\",\"logo\":{\"@type\":\"ImageObject\",\"inLanguage\":\"fr-FR\",\"@id\":\"https:\\\/\\\/www.lafineheure.fr\\\/#\\\/schema\\\/logo\\\/image\\\/\",\"url\":\"https:\\\/\\\/www.lafineheure.fr\\\/wp-content\\\/uploads\\\/2020\\\/09\\\/logo-la-fine-heure_RVB.png\",\"contentUrl\":\"https:\\\/\\\/www.lafineheure.fr\\\/wp-content\\\/uploads\\\/2020\\\/09\\\/logo-la-fine-heure_RVB.png\",\"width\":1470,\"height\":1147,\"caption\":\"La Fine Heure\"},\"image\":{\"@id\":\"https:\\\/\\\/www.lafineheure.fr\\\/#\\\/schema\\\/logo\\\/image\\\/\"}}]}<\/script>\n<!-- \/ Yoast SEO plugin. -->","yoast_head_json":{"title":"R\u00e9servez votre table au restaurant La Fine Heure \u00e0 Dijon","description":"R\u00e9servez votre table au restaurant La Fine Heure en ligne pour go\u00fbter notre cuisine cr\u00e9ative et savourer nos vins d'exception.","robots":{"index":"index","follow":"follow","max-snippet":"max-snippet:-1","max-image-preview":"max-image-preview:large","max-video-preview":"max-video-preview:-1"},"canonical":"https:\/\/www.lafineheure.fr\/index.php\/reserver\/","og_locale":"fr_FR","og_type":"article","og_title":"R\u00e9servez votre table au restaurant La Fine Heure \u00e0 Dijon","og_description":"R\u00e9servez votre table au restaurant La Fine Heure en ligne pour go\u00fbter notre cuisine cr\u00e9ative et savourer nos vins d'exception.","og_url":"https:\/\/www.lafineheure.fr\/index.php\/reserver\/","og_site_name":"La Fine Heure","article_modified_time":"2024-01-18T09:25:39+00:00","og_image":[{"width":1029,"height":684,"url":"https:\/\/www.lafineheure.fr\/wp-content\/uploads\/2020\/03\/tonneau_2.jpg","type":"image\/jpeg"}],"twitter_card":"summary_large_image","twitter_misc":{"Dur\u00e9e de lecture estim\u00e9e":"1 minute"},"schema":{"@context":"https:\/\/schema.org","@graph":[{"@type":"WebPage","@id":"https:\/\/www.lafineheure.fr\/index.php\/reserver\/","url":"https:\/\/www.lafineheure.fr\/index.php\/reserver\/","name":"R\u00e9servez votre table au restaurant La Fine Heure \u00e0 Dijon","isPartOf":{"@id":"https:\/\/www.lafineheure.fr\/#website"},"primaryImageOfPage":{"@id":"https:\/\/www.lafineheure.fr\/index.php\/reserver\/#primaryimage"},"image":{"@id":"https:\/\/www.lafineheure.fr\/index.php\/reserver\/#primaryimage"},"thumbnailUrl":"https:\/\/www.lafineheure.fr\/wp-content\/uploads\/2020\/03\/tonneau_2.jpg","datePublished":"2020-03-23T16:39:33+00:00","dateModified":"2024-01-18T09:25:39+00:00","description":"R\u00e9servez votre table au restaurant La Fine Heure en ligne pour go\u00fbter notre cuisine cr\u00e9ative et savourer nos vins d'exception.","breadcrumb":{"@id":"https:\/\/www.lafineheure.fr\/index.php\/reserver\/#breadcrumb"},"inLanguage":"fr-FR","potentialAction":[{"@type":"ReadAction","target":["https:\/\/www.lafineheure.fr\/index.php\/reserver\/"]}]},{"@type":"ImageObject","inLanguage":"fr-FR","@id":"https:\/\/www.lafineheure.fr\/index.php\/reserver\/#primaryimage","url":"https:\/\/www.lafineheure.fr\/wp-content\/uploads\/2020\/03\/tonneau_2.jpg","contentUrl":"https:\/\/www.lafineheure.fr\/wp-content\/uploads\/2020\/03\/tonneau_2.jpg","width":1029,"height":684},{"@type":"BreadcrumbList","@id":"https:\/\/www.lafineheure.fr\/index.php\/reserver\/#breadcrumb","itemListElement":[{"@type":"ListItem","position":1,"name":"Accueil","item":"https:\/\/www.lafineheure.fr\/"},{"@type":"ListItem","position":2,"name":"R\u00e9server !"}]},{"@type":"WebSite","@id":"https:\/\/www.lafineheure.fr\/#website","url":"https:\/\/www.lafineheure.fr\/","name":"La Fine Heure","description":"Restaurant - Cave \u00e0 vins","publisher":{"@id":"https:\/\/www.lafineheure.fr\/#organization"},"potentialAction":[{"@type":"SearchAction","target":{"@type":"EntryPoint","urlTemplate":"https:\/\/www.lafineheure.fr\/?s={search_term_string}"},"query-input":{"@type":"PropertyValueSpecification","valueRequired":true,"valueName":"search_term_string"}}],"inLanguage":"fr-FR"},{"@type":"Organization","@id":"https:\/\/www.lafineheure.fr\/#organization","name":"La Fine Heure","url":"https:\/\/www.lafineheure.fr\/","logo":{"@type":"ImageObject","inLanguage":"fr-FR","@id":"https:\/\/www.lafineheure.fr\/#\/schema\/logo\/image\/","url":"https:\/\/www.lafineheure.fr\/wp-content\/uploads\/2020\/09\/logo-la-fine-heure_RVB.png","contentUrl":"https:\/\/www.lafineheure.fr\/wp-content\/uploads\/2020\/09\/logo-la-fine-heure_RVB.png","width":1470,"height":1147,"caption":"La Fine Heure"},"image":{"@id":"https:\/\/www.lafineheure.fr\/#\/schema\/logo\/image\/"}}]}},"_links":{"self":[{"href":"https:\/\/www.lafineheure.fr\/index.php\/wp-json\/wp\/v2\/pages\/75","targetHints":{"allow":["GET"]}}],"collection":[{"href":"https:\/\/www.lafineheure.fr\/index.php\/wp-json\/wp\/v2\/pages"}],"about":[{"href":"https:\/\/www.lafineheure.fr\/index.php\/wp-json\/wp\/v2\/types\/page"}],"author":[{"embeddable":true,"href":"https:\/\/www.lafineheure.fr\/index.php\/wp-json\/wp\/v2\/users\/2"}],"replies":[{"embeddable":true,"href":"https:\/\/www.lafineheure.fr\/index.php\/wp-json\/wp\/v2\/comments?post=75"}],"version-history":[{"count":27,"href":"https:\/\/www.lafineheure.fr\/index.php\/wp-json\/wp\/v2\/pages\/75\/revisions"}],"predecessor-version":[{"id":2985,"href":"https:\/\/www.lafineheure.fr\/index.php\/wp-json\/wp\/v2\/pages\/75\/revisions\/2985"}],"wp:featuredmedia":[{"embeddable":true,"href":"https:\/\/www.lafineheure.fr\/index.php\/wp-json\/wp\/v2\/media\/58"}],"wp:attachment":[{"href":"https:\/\/www.lafineheure.fr\/index.php\/wp-json\/wp\/v2\/media?parent=75"}],"curies":[{"name":"wp","href":"https:\/\/api.w.org\/{rel}","templated":true}]}}