{"id":3774,"date":"2023-12-18T15:50:03","date_gmt":"2023-12-18T14:50:03","guid":{"rendered":"https:\/\/www.lafineheure.fr\/?post_type=product&#038;p=3774"},"modified":"2024-03-26T19:15:18","modified_gmt":"2024-03-26T18:15:18","slug":"volnay-clos-des-ducs-2015","status":"publish","type":"product","link":"https:\/\/www.lafineheure.fr\/index.php\/produit\/volnay-clos-des-ducs-2015\/","title":{"rendered":"Volnay \u00ab\u00a0Clos des Ducs\u00a0\u00bb 2015"},"content":{"rendered":"<p>Le Volnay \u00ab\u00a0Clos des Ducs\u00a0\u00bb 2015 du Domaine Marquis d&rsquo;Angerville est une \u0153uvre d&rsquo;art \u00e9labor\u00e9e \u00e0 partir du Pinot Noir. Ce vin rouge prestigieux de Bourgogne, tir\u00e9 d&rsquo;un mill\u00e9sime exceptionnel, s&rsquo;harmonise divinement avec des plats raffin\u00e9s tels que le pigeon r\u00f4ti, le coq au vin, et les fromages affin\u00e9s. Sa structure complexe et sa profondeur en font \u00e9galement un choix d&rsquo;exception pour une d\u00e9gustation contemplative. Le Volnay \u00ab\u00a0Clos des Ducs\u00a0\u00bb 2015 du Domaine Marquis d&rsquo;Angerville incarne la quintessence des grands vins de Bourgogne. Ce vin exceptionnel, refl\u00e9tant la puret\u00e9 du terroir, offre une exp\u00e9rience gustative exceptionnelle pour les connaisseurs en qu\u00eate d&rsquo;\u00e9motions uniques.<\/p>\n","protected":false},"excerpt":{"rendered":"<p>Volnay \u00ab\u00a0Clos des Ducs\u00a0\u00bb 2015 &#8211; Domaine Marquis d&rsquo;Angerville &#8211; 75cl<\/p>\n","protected":false},"featured_media":3988,"comment_status":"open","ping_status":"closed","template":"","meta":{"_acf_changed":false},"product_brand":[],"product_cat":[111],"product_tag":[110],"class_list":{"0":"post-3774","1":"product","2":"type-product","3":"status-publish","4":"has-post-thumbnail","6":"product_cat-vin","7":"product_tag-bourgogne","9":"first","10":"outofstock","11":"shipping-taxable","12":"purchasable","13":"product-type-simple"},"acf":[],"yoast_head":"<!-- This site is optimized with the Yoast SEO plugin v27.4 - https:\/\/yoast.com\/product\/yoast-seo-wordpress\/ -->\n<title>Volnay &quot;Clos des Ducs&quot; 2015 - La Fine Heure<\/title>\n<meta name=\"description\" content=\"D\u00e9couvrez les cuv\u00e9es s\u00e9lectionn\u00e9es par La Fine Heure avec Volnay &quot;Clos des Ducs&quot; 2015 ou l&#039;ensemble des vins rouges, blancs ou ros\u00e9s.\" \/>\n<meta name=\"robots\" content=\"index, follow, max-snippet:-1, max-image-preview:large, max-video-preview:-1\" \/>\n<link rel=\"canonical\" href=\"https:\/\/www.lafineheure.fr\/index.php\/produit\/volnay-clos-des-ducs-2015\/\" \/>\n<meta property=\"og:locale\" content=\"fr_FR\" \/>\n<meta property=\"og:type\" content=\"article\" \/>\n<meta property=\"og:title\" content=\"Volnay &quot;Clos des Ducs&quot; 2015 - La Fine Heure\" \/>\n<meta property=\"og:description\" content=\"D\u00e9couvrez les cuv\u00e9es s\u00e9lectionn\u00e9es par La Fine Heure avec Volnay &quot;Clos des Ducs&quot; 2015 ou l&#039;ensemble des vins rouges, blancs ou ros\u00e9s.\" \/>\n<meta property=\"og:url\" content=\"https:\/\/www.lafineheure.fr\/index.php\/produit\/volnay-clos-des-ducs-2015\/\" \/>\n<meta property=\"og:site_name\" content=\"La Fine Heure\" \/>\n<meta property=\"article:modified_time\" content=\"2024-03-26T18:15:18+00:00\" \/>\n<meta property=\"og:image\" content=\"https:\/\/www.lafineheure.fr\/wp-content\/uploads\/2023\/12\/VOLCLODESDUC2015.png\" \/>\n\t<meta property=\"og:image:width\" content=\"435\" \/>\n\t<meta property=\"og:image:height\" content=\"1705\" \/>\n\t<meta property=\"og:image:type\" content=\"image\/png\" \/>\n<meta name=\"twitter:card\" content=\"summary_large_image\" \/>\n<meta name=\"twitter:label1\" content=\"Dur\u00e9e de lecture estim\u00e9e\" \/>\n\t<meta name=\"twitter:data1\" content=\"1 minute\" \/>\n<script type=\"application\/ld+json\" class=\"yoast-schema-graph\">{\"@context\":\"https:\\\/\\\/schema.org\",\"@graph\":[{\"@type\":\"WebPage\",\"@id\":\"https:\\\/\\\/www.lafineheure.fr\\\/index.php\\\/produit\\\/volnay-clos-des-ducs-2015\\\/\",\"url\":\"https:\\\/\\\/www.lafineheure.fr\\\/index.php\\\/produit\\\/volnay-clos-des-ducs-2015\\\/\",\"name\":\"Volnay \\\"Clos des Ducs\\\" 2015 - La Fine Heure\",\"isPartOf\":{\"@id\":\"https:\\\/\\\/www.lafineheure.fr\\\/#website\"},\"primaryImageOfPage\":{\"@id\":\"https:\\\/\\\/www.lafineheure.fr\\\/index.php\\\/produit\\\/volnay-clos-des-ducs-2015\\\/#primaryimage\"},\"image\":{\"@id\":\"https:\\\/\\\/www.lafineheure.fr\\\/index.php\\\/produit\\\/volnay-clos-des-ducs-2015\\\/#primaryimage\"},\"thumbnailUrl\":\"https:\\\/\\\/www.lafineheure.fr\\\/wp-content\\\/uploads\\\/2023\\\/12\\\/VOLCLODESDUC2015.png\",\"datePublished\":\"2023-12-18T14:50:03+00:00\",\"dateModified\":\"2024-03-26T18:15:18+00:00\",\"description\":\"D\u00e9couvrez les cuv\u00e9es s\u00e9lectionn\u00e9es par La Fine Heure avec Volnay \\\"Clos des Ducs\\\" 2015 ou l'ensemble des vins rouges, blancs ou ros\u00e9s.\",\"breadcrumb\":{\"@id\":\"https:\\\/\\\/www.lafineheure.fr\\\/index.php\\\/produit\\\/volnay-clos-des-ducs-2015\\\/#breadcrumb\"},\"inLanguage\":\"fr-FR\",\"potentialAction\":[{\"@type\":\"ReadAction\",\"target\":[\"https:\\\/\\\/www.lafineheure.fr\\\/index.php\\\/produit\\\/volnay-clos-des-ducs-2015\\\/\"]}]},{\"@type\":\"ImageObject\",\"inLanguage\":\"fr-FR\",\"@id\":\"https:\\\/\\\/www.lafineheure.fr\\\/index.php\\\/produit\\\/volnay-clos-des-ducs-2015\\\/#primaryimage\",\"url\":\"https:\\\/\\\/www.lafineheure.fr\\\/wp-content\\\/uploads\\\/2023\\\/12\\\/VOLCLODESDUC2015.png\",\"contentUrl\":\"https:\\\/\\\/www.lafineheure.fr\\\/wp-content\\\/uploads\\\/2023\\\/12\\\/VOLCLODESDUC2015.png\",\"width\":435,\"height\":1705,\"caption\":\"Boutique spiritueux Dijon - cave \u00e0 vin\"},{\"@type\":\"BreadcrumbList\",\"@id\":\"https:\\\/\\\/www.lafineheure.fr\\\/index.php\\\/produit\\\/volnay-clos-des-ducs-2015\\\/#breadcrumb\",\"itemListElement\":[{\"@type\":\"ListItem\",\"position\":1,\"name\":\"Accueil\",\"item\":\"https:\\\/\\\/www.lafineheure.fr\\\/\"},{\"@type\":\"ListItem\",\"position\":2,\"name\":\"Boutique\",\"item\":\"https:\\\/\\\/www.lafineheure.fr\\\/index.php\\\/boutique\\\/\"},{\"@type\":\"ListItem\",\"position\":3,\"name\":\"Volnay \u00ab\u00a0Clos des Ducs\u00a0\u00bb 2015\"}]},{\"@type\":\"WebSite\",\"@id\":\"https:\\\/\\\/www.lafineheure.fr\\\/#website\",\"url\":\"https:\\\/\\\/www.lafineheure.fr\\\/\",\"name\":\"La Fine Heure\",\"description\":\"Restaurant - Cave \u00e0 vins\",\"publisher\":{\"@id\":\"https:\\\/\\\/www.lafineheure.fr\\\/#organization\"},\"potentialAction\":[{\"@type\":\"SearchAction\",\"target\":{\"@type\":\"EntryPoint\",\"urlTemplate\":\"https:\\\/\\\/www.lafineheure.fr\\\/?s={search_term_string}\"},\"query-input\":{\"@type\":\"PropertyValueSpecification\",\"valueRequired\":true,\"valueName\":\"search_term_string\"}}],\"inLanguage\":\"fr-FR\"},{\"@type\":\"Organization\",\"@id\":\"https:\\\/\\\/www.lafineheure.fr\\\/#organization\",\"name\":\"La Fine Heure\",\"url\":\"https:\\\/\\\/www.lafineheure.fr\\\/\",\"logo\":{\"@type\":\"ImageObject\",\"inLanguage\":\"fr-FR\",\"@id\":\"https:\\\/\\\/www.lafineheure.fr\\\/#\\\/schema\\\/logo\\\/image\\\/\",\"url\":\"https:\\\/\\\/www.lafineheure.fr\\\/wp-content\\\/uploads\\\/2020\\\/09\\\/logo-la-fine-heure_RVB.png\",\"contentUrl\":\"https:\\\/\\\/www.lafineheure.fr\\\/wp-content\\\/uploads\\\/2020\\\/09\\\/logo-la-fine-heure_RVB.png\",\"width\":1470,\"height\":1147,\"caption\":\"La Fine Heure\"},\"image\":{\"@id\":\"https:\\\/\\\/www.lafineheure.fr\\\/#\\\/schema\\\/logo\\\/image\\\/\"}}]}<\/script>\n<!-- \/ Yoast SEO plugin. -->","yoast_head_json":{"title":"Volnay \"Clos des Ducs\" 2015 - La Fine Heure","description":"D\u00e9couvrez les cuv\u00e9es s\u00e9lectionn\u00e9es par La Fine Heure avec Volnay \"Clos des Ducs\" 2015 ou l'ensemble des vins rouges, blancs ou ros\u00e9s.","robots":{"index":"index","follow":"follow","max-snippet":"max-snippet:-1","max-image-preview":"max-image-preview:large","max-video-preview":"max-video-preview:-1"},"canonical":"https:\/\/www.lafineheure.fr\/index.php\/produit\/volnay-clos-des-ducs-2015\/","og_locale":"fr_FR","og_type":"article","og_title":"Volnay \"Clos des Ducs\" 2015 - La Fine Heure","og_description":"D\u00e9couvrez les cuv\u00e9es s\u00e9lectionn\u00e9es par La Fine Heure avec Volnay \"Clos des Ducs\" 2015 ou l'ensemble des vins rouges, blancs ou ros\u00e9s.","og_url":"https:\/\/www.lafineheure.fr\/index.php\/produit\/volnay-clos-des-ducs-2015\/","og_site_name":"La Fine Heure","article_modified_time":"2024-03-26T18:15:18+00:00","og_image":[{"width":435,"height":1705,"url":"https:\/\/www.lafineheure.fr\/wp-content\/uploads\/2023\/12\/VOLCLODESDUC2015.png","type":"image\/png"}],"twitter_card":"summary_large_image","twitter_misc":{"Dur\u00e9e de lecture estim\u00e9e":"1 minute"},"schema":{"@context":"https:\/\/schema.org","@graph":[{"@type":"WebPage","@id":"https:\/\/www.lafineheure.fr\/index.php\/produit\/volnay-clos-des-ducs-2015\/","url":"https:\/\/www.lafineheure.fr\/index.php\/produit\/volnay-clos-des-ducs-2015\/","name":"Volnay \"Clos des Ducs\" 2015 - La Fine Heure","isPartOf":{"@id":"https:\/\/www.lafineheure.fr\/#website"},"primaryImageOfPage":{"@id":"https:\/\/www.lafineheure.fr\/index.php\/produit\/volnay-clos-des-ducs-2015\/#primaryimage"},"image":{"@id":"https:\/\/www.lafineheure.fr\/index.php\/produit\/volnay-clos-des-ducs-2015\/#primaryimage"},"thumbnailUrl":"https:\/\/www.lafineheure.fr\/wp-content\/uploads\/2023\/12\/VOLCLODESDUC2015.png","datePublished":"2023-12-18T14:50:03+00:00","dateModified":"2024-03-26T18:15:18+00:00","description":"D\u00e9couvrez les cuv\u00e9es s\u00e9lectionn\u00e9es par La Fine Heure avec Volnay \"Clos des Ducs\" 2015 ou l'ensemble des vins rouges, blancs ou ros\u00e9s.","breadcrumb":{"@id":"https:\/\/www.lafineheure.fr\/index.php\/produit\/volnay-clos-des-ducs-2015\/#breadcrumb"},"inLanguage":"fr-FR","potentialAction":[{"@type":"ReadAction","target":["https:\/\/www.lafineheure.fr\/index.php\/produit\/volnay-clos-des-ducs-2015\/"]}]},{"@type":"ImageObject","inLanguage":"fr-FR","@id":"https:\/\/www.lafineheure.fr\/index.php\/produit\/volnay-clos-des-ducs-2015\/#primaryimage","url":"https:\/\/www.lafineheure.fr\/wp-content\/uploads\/2023\/12\/VOLCLODESDUC2015.png","contentUrl":"https:\/\/www.lafineheure.fr\/wp-content\/uploads\/2023\/12\/VOLCLODESDUC2015.png","width":435,"height":1705,"caption":"Boutique spiritueux Dijon - cave \u00e0 vin"},{"@type":"BreadcrumbList","@id":"https:\/\/www.lafineheure.fr\/index.php\/produit\/volnay-clos-des-ducs-2015\/#breadcrumb","itemListElement":[{"@type":"ListItem","position":1,"name":"Accueil","item":"https:\/\/www.lafineheure.fr\/"},{"@type":"ListItem","position":2,"name":"Boutique","item":"https:\/\/www.lafineheure.fr\/index.php\/boutique\/"},{"@type":"ListItem","position":3,"name":"Volnay \u00ab\u00a0Clos des Ducs\u00a0\u00bb 2015"}]},{"@type":"WebSite","@id":"https:\/\/www.lafineheure.fr\/#website","url":"https:\/\/www.lafineheure.fr\/","name":"La Fine Heure","description":"Restaurant - Cave \u00e0 vins","publisher":{"@id":"https:\/\/www.lafineheure.fr\/#organization"},"potentialAction":[{"@type":"SearchAction","target":{"@type":"EntryPoint","urlTemplate":"https:\/\/www.lafineheure.fr\/?s={search_term_string}"},"query-input":{"@type":"PropertyValueSpecification","valueRequired":true,"valueName":"search_term_string"}}],"inLanguage":"fr-FR"},{"@type":"Organization","@id":"https:\/\/www.lafineheure.fr\/#organization","name":"La Fine Heure","url":"https:\/\/www.lafineheure.fr\/","logo":{"@type":"ImageObject","inLanguage":"fr-FR","@id":"https:\/\/www.lafineheure.fr\/#\/schema\/logo\/image\/","url":"https:\/\/www.lafineheure.fr\/wp-content\/uploads\/2020\/09\/logo-la-fine-heure_RVB.png","contentUrl":"https:\/\/www.lafineheure.fr\/wp-content\/uploads\/2020\/09\/logo-la-fine-heure_RVB.png","width":1470,"height":1147,"caption":"La Fine Heure"},"image":{"@id":"https:\/\/www.lafineheure.fr\/#\/schema\/logo\/image\/"}}]}},"_links":{"self":[{"href":"https:\/\/www.lafineheure.fr\/index.php\/wp-json\/wp\/v2\/product\/3774","targetHints":{"allow":["GET"]}}],"collection":[{"href":"https:\/\/www.lafineheure.fr\/index.php\/wp-json\/wp\/v2\/product"}],"about":[{"href":"https:\/\/www.lafineheure.fr\/index.php\/wp-json\/wp\/v2\/types\/product"}],"replies":[{"embeddable":true,"href":"https:\/\/www.lafineheure.fr\/index.php\/wp-json\/wp\/v2\/comments?post=3774"}],"wp:featuredmedia":[{"embeddable":true,"href":"https:\/\/www.lafineheure.fr\/index.php\/wp-json\/wp\/v2\/media\/3988"}],"wp:attachment":[{"href":"https:\/\/www.lafineheure.fr\/index.php\/wp-json\/wp\/v2\/media?parent=3774"}],"wp:term":[{"taxonomy":"product_brand","embeddable":true,"href":"https:\/\/www.lafineheure.fr\/index.php\/wp-json\/wp\/v2\/product_brand?post=3774"},{"taxonomy":"product_cat","embeddable":true,"href":"https:\/\/www.lafineheure.fr\/index.php\/wp-json\/wp\/v2\/product_cat?post=3774"},{"taxonomy":"product_tag","embeddable":true,"href":"https:\/\/www.lafineheure.fr\/index.php\/wp-json\/wp\/v2\/product_tag?post=3774"}],"curies":[{"name":"wp","href":"https:\/\/api.w.org\/{rel}","templated":true}]}}