{"id":3784,"date":"2023-12-18T15:50:05","date_gmt":"2023-12-18T14:50:05","guid":{"rendered":"https:\/\/www.lafineheure.fr\/index.php\/product\/chambertin-grand-cru-2019\/"},"modified":"2024-03-26T19:15:08","modified_gmt":"2024-03-26T18:15:08","slug":"chambertin-grand-cru-2019","status":"publish","type":"product","link":"https:\/\/www.lafineheure.fr\/index.php\/produit\/chambertin-grand-cru-2019\/","title":{"rendered":"Chambertin Grand Cru 2019"},"content":{"rendered":"<p>Le Chambertin Grand Cru 2019 du Domaine Henri Rebourseau, exclusivement \u00e9labor\u00e9 \u00e0 partir du c\u00e9page Pinot Noir, est une symphonie de saveurs. Ce grand cru prestigieux s&rsquo;harmonise d\u00e9licatement avec des mets raffin\u00e9s tels que le filet de b\u0153uf Rossini, le canard aux cerises, et les fromages affin\u00e9s. Sa structure complexe et son caract\u00e8re distingu\u00e9 en font un choix exceptionnel pour une d\u00e9gustation contemplative. En utilisant le guide des ar\u00f4mes de vin, on peut distinguer des notes florales, fruit\u00e9es, \u00e9pic\u00e9es, et des accents de cuir dans ce Chambertin Grand Cru, offrant ainsi une exp\u00e9rience sensorielle compl\u00e8te et captivante. Ce vin d&rsquo;exception du Domaine Henri Rebourseau incarne la quintessence des vins de Bourgogne, promettant une d\u00e9gustation inoubliable pour les amateurs \u00e9clair\u00e9s.<\/p>\n","protected":false},"excerpt":{"rendered":"<p>Chambertin Grand Cru 2019 &#8211; Domaine Henri Rebourseau &#8211; 75cl<\/p>\n","protected":false},"featured_media":3900,"comment_status":"open","ping_status":"closed","template":"","meta":{"_acf_changed":false},"product_brand":[],"product_cat":[111],"product_tag":[110],"class_list":{"0":"post-3784","1":"product","2":"type-product","3":"status-publish","4":"has-post-thumbnail","6":"product_cat-vin","7":"product_tag-bourgogne","9":"first","10":"outofstock","11":"shipping-taxable","12":"purchasable","13":"product-type-simple"},"acf":[],"yoast_head":"<!-- This site is optimized with the Yoast SEO plugin v27.4 - https:\/\/yoast.com\/product\/yoast-seo-wordpress\/ -->\n<title>Chambertin Grand Cru 2019 - La Fine Heure<\/title>\n<meta name=\"description\" content=\"D\u00e9couvrez les cuv\u00e9es s\u00e9lectionn\u00e9es par La Fine Heure avec Chambertin Grand Cru 2019 ou l&#039;ensemble des vins rouges, blancs ou ros\u00e9s.\" \/>\n<meta name=\"robots\" content=\"index, follow, max-snippet:-1, max-image-preview:large, max-video-preview:-1\" \/>\n<link rel=\"canonical\" href=\"https:\/\/www.lafineheure.fr\/index.php\/produit\/chambertin-grand-cru-2019\/\" \/>\n<meta property=\"og:locale\" content=\"fr_FR\" \/>\n<meta property=\"og:type\" content=\"article\" \/>\n<meta property=\"og:title\" content=\"Chambertin Grand Cru 2019 - La Fine Heure\" \/>\n<meta property=\"og:description\" content=\"D\u00e9couvrez les cuv\u00e9es s\u00e9lectionn\u00e9es par La Fine Heure avec Chambertin Grand Cru 2019 ou l&#039;ensemble des vins rouges, blancs ou ros\u00e9s.\" \/>\n<meta property=\"og:url\" content=\"https:\/\/www.lafineheure.fr\/index.php\/produit\/chambertin-grand-cru-2019\/\" \/>\n<meta property=\"og:site_name\" content=\"La Fine Heure\" \/>\n<meta property=\"article:modified_time\" content=\"2024-03-26T18:15:08+00:00\" \/>\n<meta property=\"og:image\" content=\"https:\/\/www.lafineheure.fr\/wp-content\/uploads\/2023\/12\/CHAGDCRU2019.png\" \/>\n\t<meta property=\"og:image:width\" content=\"421\" \/>\n\t<meta property=\"og:image:height\" content=\"1693\" \/>\n\t<meta property=\"og:image:type\" content=\"image\/png\" \/>\n<meta name=\"twitter:card\" content=\"summary_large_image\" \/>\n<meta name=\"twitter:label1\" content=\"Dur\u00e9e de lecture estim\u00e9e\" \/>\n\t<meta name=\"twitter:data1\" content=\"1 minute\" \/>\n<script type=\"application\/ld+json\" class=\"yoast-schema-graph\">{\"@context\":\"https:\\\/\\\/schema.org\",\"@graph\":[{\"@type\":\"WebPage\",\"@id\":\"https:\\\/\\\/www.lafineheure.fr\\\/index.php\\\/produit\\\/chambertin-grand-cru-2019\\\/\",\"url\":\"https:\\\/\\\/www.lafineheure.fr\\\/index.php\\\/produit\\\/chambertin-grand-cru-2019\\\/\",\"name\":\"Chambertin Grand Cru 2019 - La Fine Heure\",\"isPartOf\":{\"@id\":\"https:\\\/\\\/www.lafineheure.fr\\\/#website\"},\"primaryImageOfPage\":{\"@id\":\"https:\\\/\\\/www.lafineheure.fr\\\/index.php\\\/produit\\\/chambertin-grand-cru-2019\\\/#primaryimage\"},\"image\":{\"@id\":\"https:\\\/\\\/www.lafineheure.fr\\\/index.php\\\/produit\\\/chambertin-grand-cru-2019\\\/#primaryimage\"},\"thumbnailUrl\":\"https:\\\/\\\/www.lafineheure.fr\\\/wp-content\\\/uploads\\\/2023\\\/12\\\/CHAGDCRU2019.png\",\"datePublished\":\"2023-12-18T14:50:05+00:00\",\"dateModified\":\"2024-03-26T18:15:08+00:00\",\"description\":\"D\u00e9couvrez les cuv\u00e9es s\u00e9lectionn\u00e9es par La Fine Heure avec Chambertin Grand Cru 2019 ou l'ensemble des vins rouges, blancs ou ros\u00e9s.\",\"breadcrumb\":{\"@id\":\"https:\\\/\\\/www.lafineheure.fr\\\/index.php\\\/produit\\\/chambertin-grand-cru-2019\\\/#breadcrumb\"},\"inLanguage\":\"fr-FR\",\"potentialAction\":[{\"@type\":\"ReadAction\",\"target\":[\"https:\\\/\\\/www.lafineheure.fr\\\/index.php\\\/produit\\\/chambertin-grand-cru-2019\\\/\"]}]},{\"@type\":\"ImageObject\",\"inLanguage\":\"fr-FR\",\"@id\":\"https:\\\/\\\/www.lafineheure.fr\\\/index.php\\\/produit\\\/chambertin-grand-cru-2019\\\/#primaryimage\",\"url\":\"https:\\\/\\\/www.lafineheure.fr\\\/wp-content\\\/uploads\\\/2023\\\/12\\\/CHAGDCRU2019.png\",\"contentUrl\":\"https:\\\/\\\/www.lafineheure.fr\\\/wp-content\\\/uploads\\\/2023\\\/12\\\/CHAGDCRU2019.png\",\"width\":421,\"height\":1693,\"caption\":\"Boutique spiritueux Dijon - cave \u00e0 vin\"},{\"@type\":\"BreadcrumbList\",\"@id\":\"https:\\\/\\\/www.lafineheure.fr\\\/index.php\\\/produit\\\/chambertin-grand-cru-2019\\\/#breadcrumb\",\"itemListElement\":[{\"@type\":\"ListItem\",\"position\":1,\"name\":\"Accueil\",\"item\":\"https:\\\/\\\/www.lafineheure.fr\\\/\"},{\"@type\":\"ListItem\",\"position\":2,\"name\":\"Boutique\",\"item\":\"https:\\\/\\\/www.lafineheure.fr\\\/index.php\\\/boutique\\\/\"},{\"@type\":\"ListItem\",\"position\":3,\"name\":\"Chambertin Grand Cru 2019\"}]},{\"@type\":\"WebSite\",\"@id\":\"https:\\\/\\\/www.lafineheure.fr\\\/#website\",\"url\":\"https:\\\/\\\/www.lafineheure.fr\\\/\",\"name\":\"La Fine Heure\",\"description\":\"Restaurant - Cave \u00e0 vins\",\"publisher\":{\"@id\":\"https:\\\/\\\/www.lafineheure.fr\\\/#organization\"},\"potentialAction\":[{\"@type\":\"SearchAction\",\"target\":{\"@type\":\"EntryPoint\",\"urlTemplate\":\"https:\\\/\\\/www.lafineheure.fr\\\/?s={search_term_string}\"},\"query-input\":{\"@type\":\"PropertyValueSpecification\",\"valueRequired\":true,\"valueName\":\"search_term_string\"}}],\"inLanguage\":\"fr-FR\"},{\"@type\":\"Organization\",\"@id\":\"https:\\\/\\\/www.lafineheure.fr\\\/#organization\",\"name\":\"La Fine Heure\",\"url\":\"https:\\\/\\\/www.lafineheure.fr\\\/\",\"logo\":{\"@type\":\"ImageObject\",\"inLanguage\":\"fr-FR\",\"@id\":\"https:\\\/\\\/www.lafineheure.fr\\\/#\\\/schema\\\/logo\\\/image\\\/\",\"url\":\"https:\\\/\\\/www.lafineheure.fr\\\/wp-content\\\/uploads\\\/2020\\\/09\\\/logo-la-fine-heure_RVB.png\",\"contentUrl\":\"https:\\\/\\\/www.lafineheure.fr\\\/wp-content\\\/uploads\\\/2020\\\/09\\\/logo-la-fine-heure_RVB.png\",\"width\":1470,\"height\":1147,\"caption\":\"La Fine Heure\"},\"image\":{\"@id\":\"https:\\\/\\\/www.lafineheure.fr\\\/#\\\/schema\\\/logo\\\/image\\\/\"}}]}<\/script>\n<!-- \/ Yoast SEO plugin. -->","yoast_head_json":{"title":"Chambertin Grand Cru 2019 - La Fine Heure","description":"D\u00e9couvrez les cuv\u00e9es s\u00e9lectionn\u00e9es par La Fine Heure avec Chambertin Grand Cru 2019 ou l'ensemble des vins rouges, blancs ou ros\u00e9s.","robots":{"index":"index","follow":"follow","max-snippet":"max-snippet:-1","max-image-preview":"max-image-preview:large","max-video-preview":"max-video-preview:-1"},"canonical":"https:\/\/www.lafineheure.fr\/index.php\/produit\/chambertin-grand-cru-2019\/","og_locale":"fr_FR","og_type":"article","og_title":"Chambertin Grand Cru 2019 - La Fine Heure","og_description":"D\u00e9couvrez les cuv\u00e9es s\u00e9lectionn\u00e9es par La Fine Heure avec Chambertin Grand Cru 2019 ou l'ensemble des vins rouges, blancs ou ros\u00e9s.","og_url":"https:\/\/www.lafineheure.fr\/index.php\/produit\/chambertin-grand-cru-2019\/","og_site_name":"La Fine Heure","article_modified_time":"2024-03-26T18:15:08+00:00","og_image":[{"width":421,"height":1693,"url":"https:\/\/www.lafineheure.fr\/wp-content\/uploads\/2023\/12\/CHAGDCRU2019.png","type":"image\/png"}],"twitter_card":"summary_large_image","twitter_misc":{"Dur\u00e9e de lecture estim\u00e9e":"1 minute"},"schema":{"@context":"https:\/\/schema.org","@graph":[{"@type":"WebPage","@id":"https:\/\/www.lafineheure.fr\/index.php\/produit\/chambertin-grand-cru-2019\/","url":"https:\/\/www.lafineheure.fr\/index.php\/produit\/chambertin-grand-cru-2019\/","name":"Chambertin Grand Cru 2019 - La Fine Heure","isPartOf":{"@id":"https:\/\/www.lafineheure.fr\/#website"},"primaryImageOfPage":{"@id":"https:\/\/www.lafineheure.fr\/index.php\/produit\/chambertin-grand-cru-2019\/#primaryimage"},"image":{"@id":"https:\/\/www.lafineheure.fr\/index.php\/produit\/chambertin-grand-cru-2019\/#primaryimage"},"thumbnailUrl":"https:\/\/www.lafineheure.fr\/wp-content\/uploads\/2023\/12\/CHAGDCRU2019.png","datePublished":"2023-12-18T14:50:05+00:00","dateModified":"2024-03-26T18:15:08+00:00","description":"D\u00e9couvrez les cuv\u00e9es s\u00e9lectionn\u00e9es par La Fine Heure avec Chambertin Grand Cru 2019 ou l'ensemble des vins rouges, blancs ou ros\u00e9s.","breadcrumb":{"@id":"https:\/\/www.lafineheure.fr\/index.php\/produit\/chambertin-grand-cru-2019\/#breadcrumb"},"inLanguage":"fr-FR","potentialAction":[{"@type":"ReadAction","target":["https:\/\/www.lafineheure.fr\/index.php\/produit\/chambertin-grand-cru-2019\/"]}]},{"@type":"ImageObject","inLanguage":"fr-FR","@id":"https:\/\/www.lafineheure.fr\/index.php\/produit\/chambertin-grand-cru-2019\/#primaryimage","url":"https:\/\/www.lafineheure.fr\/wp-content\/uploads\/2023\/12\/CHAGDCRU2019.png","contentUrl":"https:\/\/www.lafineheure.fr\/wp-content\/uploads\/2023\/12\/CHAGDCRU2019.png","width":421,"height":1693,"caption":"Boutique spiritueux Dijon - cave \u00e0 vin"},{"@type":"BreadcrumbList","@id":"https:\/\/www.lafineheure.fr\/index.php\/produit\/chambertin-grand-cru-2019\/#breadcrumb","itemListElement":[{"@type":"ListItem","position":1,"name":"Accueil","item":"https:\/\/www.lafineheure.fr\/"},{"@type":"ListItem","position":2,"name":"Boutique","item":"https:\/\/www.lafineheure.fr\/index.php\/boutique\/"},{"@type":"ListItem","position":3,"name":"Chambertin Grand Cru 2019"}]},{"@type":"WebSite","@id":"https:\/\/www.lafineheure.fr\/#website","url":"https:\/\/www.lafineheure.fr\/","name":"La Fine Heure","description":"Restaurant - Cave \u00e0 vins","publisher":{"@id":"https:\/\/www.lafineheure.fr\/#organization"},"potentialAction":[{"@type":"SearchAction","target":{"@type":"EntryPoint","urlTemplate":"https:\/\/www.lafineheure.fr\/?s={search_term_string}"},"query-input":{"@type":"PropertyValueSpecification","valueRequired":true,"valueName":"search_term_string"}}],"inLanguage":"fr-FR"},{"@type":"Organization","@id":"https:\/\/www.lafineheure.fr\/#organization","name":"La Fine Heure","url":"https:\/\/www.lafineheure.fr\/","logo":{"@type":"ImageObject","inLanguage":"fr-FR","@id":"https:\/\/www.lafineheure.fr\/#\/schema\/logo\/image\/","url":"https:\/\/www.lafineheure.fr\/wp-content\/uploads\/2020\/09\/logo-la-fine-heure_RVB.png","contentUrl":"https:\/\/www.lafineheure.fr\/wp-content\/uploads\/2020\/09\/logo-la-fine-heure_RVB.png","width":1470,"height":1147,"caption":"La Fine Heure"},"image":{"@id":"https:\/\/www.lafineheure.fr\/#\/schema\/logo\/image\/"}}]}},"_links":{"self":[{"href":"https:\/\/www.lafineheure.fr\/index.php\/wp-json\/wp\/v2\/product\/3784","targetHints":{"allow":["GET"]}}],"collection":[{"href":"https:\/\/www.lafineheure.fr\/index.php\/wp-json\/wp\/v2\/product"}],"about":[{"href":"https:\/\/www.lafineheure.fr\/index.php\/wp-json\/wp\/v2\/types\/product"}],"replies":[{"embeddable":true,"href":"https:\/\/www.lafineheure.fr\/index.php\/wp-json\/wp\/v2\/comments?post=3784"}],"wp:featuredmedia":[{"embeddable":true,"href":"https:\/\/www.lafineheure.fr\/index.php\/wp-json\/wp\/v2\/media\/3900"}],"wp:attachment":[{"href":"https:\/\/www.lafineheure.fr\/index.php\/wp-json\/wp\/v2\/media?parent=3784"}],"wp:term":[{"taxonomy":"product_brand","embeddable":true,"href":"https:\/\/www.lafineheure.fr\/index.php\/wp-json\/wp\/v2\/product_brand?post=3784"},{"taxonomy":"product_cat","embeddable":true,"href":"https:\/\/www.lafineheure.fr\/index.php\/wp-json\/wp\/v2\/product_cat?post=3784"},{"taxonomy":"product_tag","embeddable":true,"href":"https:\/\/www.lafineheure.fr\/index.php\/wp-json\/wp\/v2\/product_tag?post=3784"}],"curies":[{"name":"wp","href":"https:\/\/api.w.org\/{rel}","templated":true}]}}