{"id":3787,"date":"2023-12-18T15:50:06","date_gmt":"2023-12-18T14:50:06","guid":{"rendered":"https:\/\/www.lafineheure.fr\/index.php\/product\/clos-de-la-roche-cuvee-vieilles-vignes-2013\/"},"modified":"2024-05-24T10:49:24","modified_gmt":"2024-05-24T08:49:24","slug":"clos-de-la-roche-cuvee-vieilles-vignes-2013","status":"publish","type":"product","link":"https:\/\/www.lafineheure.fr\/index.php\/produit\/clos-de-la-roche-cuvee-vieilles-vignes-2013\/","title":{"rendered":"Clos de la Roche \u00ab\u00a0Cuv\u00e9e Vieilles Vignes\u00a0\u00bb 2013"},"content":{"rendered":"<p>Le Clos de la Roche \u00ab\u00a0Cuv\u00e9e Vieilles Vignes\u00a0\u00bb 2013 du Domaine Ponsot, un joyau issu du Pinot Noir, incarne la quintessence du terroir bourguignon. Ce vin d&rsquo;exception s&rsquo;accorde magnifiquement avec des mets raffin\u00e9s tels qu&rsquo;une c\u00f4te de b\u0153uf grill\u00e9e, une cocotte de champignons sauvages, ou des fromages forts. Sa complexit\u00e9 en fait \u00e9galement une exp\u00e9rience sensorielle exceptionnelle pour une d\u00e9gustation m\u00e9ditative. Ce Clos de la Roche \u00ab\u00a0Cuv\u00e9e Vieilles Vignes\u00a0\u00bb du Domaine Ponsot est bien plus qu&rsquo;un vin, c&rsquo;est une exploration sensorielle. Chaque gorg\u00e9e d\u00e9voile la richesse et l&rsquo;\u00e9l\u00e9gance des vieilles vignes, offrant une exp\u00e9rience gustative inoubliable pour les amateurs de grands crus bourguignons.<\/p>\n","protected":false},"excerpt":{"rendered":"<p>Clos de la Roche \u00ab\u00a0Cuv\u00e9e Vieilles Vignes\u00a0\u00bb 2013 &#8211; Domaine Ponsot &#8211; 75cl<\/p>\n","protected":false},"featured_media":3909,"comment_status":"open","ping_status":"closed","template":"","meta":{"_acf_changed":false},"product_brand":[],"product_cat":[111],"product_tag":[110],"class_list":{"0":"post-3787","1":"product","2":"type-product","3":"status-publish","4":"has-post-thumbnail","6":"product_cat-vin","7":"product_tag-bourgogne","9":"first","10":"outofstock","11":"shipping-taxable","12":"purchasable","13":"product-type-simple"},"acf":[],"yoast_head":"<!-- This site is optimized with the Yoast SEO plugin v27.4 - https:\/\/yoast.com\/product\/yoast-seo-wordpress\/ -->\n<title>Clos de la Roche &quot;Cuv\u00e9e Vieilles Vignes&quot; 2013 - La Fine Heure<\/title>\n<meta name=\"description\" content=\"D\u00e9couvrez les cuv\u00e9es s\u00e9lectionn\u00e9es par La Fine Heure avec Clos de la Roche &quot;Cuv\u00e9e Vieilles Vignes&quot; 2013 ou l&#039;ensemble des vins rouges, blancs ou ros\u00e9s.\" \/>\n<meta name=\"robots\" content=\"index, follow, max-snippet:-1, max-image-preview:large, max-video-preview:-1\" \/>\n<link rel=\"canonical\" href=\"https:\/\/www.lafineheure.fr\/index.php\/produit\/clos-de-la-roche-cuvee-vieilles-vignes-2013\/\" \/>\n<meta property=\"og:locale\" content=\"fr_FR\" \/>\n<meta property=\"og:type\" content=\"article\" \/>\n<meta property=\"og:title\" content=\"Clos de la Roche &quot;Cuv\u00e9e Vieilles Vignes&quot; 2013 - La Fine Heure\" \/>\n<meta property=\"og:description\" content=\"D\u00e9couvrez les cuv\u00e9es s\u00e9lectionn\u00e9es par La Fine Heure avec Clos de la Roche &quot;Cuv\u00e9e Vieilles Vignes&quot; 2013 ou l&#039;ensemble des vins rouges, blancs ou ros\u00e9s.\" \/>\n<meta property=\"og:url\" content=\"https:\/\/www.lafineheure.fr\/index.php\/produit\/clos-de-la-roche-cuvee-vieilles-vignes-2013\/\" \/>\n<meta property=\"og:site_name\" content=\"La Fine Heure\" \/>\n<meta property=\"article:modified_time\" content=\"2024-05-24T08:49:24+00:00\" \/>\n<meta property=\"og:image\" content=\"https:\/\/www.lafineheure.fr\/wp-content\/uploads\/2023\/12\/CLODELAROCVV2013.png\" \/>\n\t<meta property=\"og:image:width\" content=\"512\" \/>\n\t<meta property=\"og:image:height\" content=\"1827\" \/>\n\t<meta property=\"og:image:type\" content=\"image\/png\" \/>\n<meta name=\"twitter:card\" content=\"summary_large_image\" \/>\n<meta name=\"twitter:label1\" content=\"Dur\u00e9e de lecture estim\u00e9e\" \/>\n\t<meta name=\"twitter:data1\" content=\"1 minute\" \/>\n<script type=\"application\/ld+json\" class=\"yoast-schema-graph\">{\"@context\":\"https:\\\/\\\/schema.org\",\"@graph\":[{\"@type\":\"WebPage\",\"@id\":\"https:\\\/\\\/www.lafineheure.fr\\\/index.php\\\/produit\\\/clos-de-la-roche-cuvee-vieilles-vignes-2013\\\/\",\"url\":\"https:\\\/\\\/www.lafineheure.fr\\\/index.php\\\/produit\\\/clos-de-la-roche-cuvee-vieilles-vignes-2013\\\/\",\"name\":\"Clos de la Roche \\\"Cuv\u00e9e Vieilles Vignes\\\" 2013 - La Fine Heure\",\"isPartOf\":{\"@id\":\"https:\\\/\\\/www.lafineheure.fr\\\/#website\"},\"primaryImageOfPage\":{\"@id\":\"https:\\\/\\\/www.lafineheure.fr\\\/index.php\\\/produit\\\/clos-de-la-roche-cuvee-vieilles-vignes-2013\\\/#primaryimage\"},\"image\":{\"@id\":\"https:\\\/\\\/www.lafineheure.fr\\\/index.php\\\/produit\\\/clos-de-la-roche-cuvee-vieilles-vignes-2013\\\/#primaryimage\"},\"thumbnailUrl\":\"https:\\\/\\\/www.lafineheure.fr\\\/wp-content\\\/uploads\\\/2023\\\/12\\\/CLODELAROCVV2013.png\",\"datePublished\":\"2023-12-18T14:50:06+00:00\",\"dateModified\":\"2024-05-24T08:49:24+00:00\",\"description\":\"D\u00e9couvrez les cuv\u00e9es s\u00e9lectionn\u00e9es par La Fine Heure avec Clos de la Roche \\\"Cuv\u00e9e Vieilles Vignes\\\" 2013 ou l'ensemble des vins rouges, blancs ou ros\u00e9s.\",\"breadcrumb\":{\"@id\":\"https:\\\/\\\/www.lafineheure.fr\\\/index.php\\\/produit\\\/clos-de-la-roche-cuvee-vieilles-vignes-2013\\\/#breadcrumb\"},\"inLanguage\":\"fr-FR\",\"potentialAction\":[{\"@type\":\"ReadAction\",\"target\":[\"https:\\\/\\\/www.lafineheure.fr\\\/index.php\\\/produit\\\/clos-de-la-roche-cuvee-vieilles-vignes-2013\\\/\"]}]},{\"@type\":\"ImageObject\",\"inLanguage\":\"fr-FR\",\"@id\":\"https:\\\/\\\/www.lafineheure.fr\\\/index.php\\\/produit\\\/clos-de-la-roche-cuvee-vieilles-vignes-2013\\\/#primaryimage\",\"url\":\"https:\\\/\\\/www.lafineheure.fr\\\/wp-content\\\/uploads\\\/2023\\\/12\\\/CLODELAROCVV2013.png\",\"contentUrl\":\"https:\\\/\\\/www.lafineheure.fr\\\/wp-content\\\/uploads\\\/2023\\\/12\\\/CLODELAROCVV2013.png\",\"width\":512,\"height\":1827,\"caption\":\"Boutique spiritueux Dijon - cave \u00e0 vin\"},{\"@type\":\"BreadcrumbList\",\"@id\":\"https:\\\/\\\/www.lafineheure.fr\\\/index.php\\\/produit\\\/clos-de-la-roche-cuvee-vieilles-vignes-2013\\\/#breadcrumb\",\"itemListElement\":[{\"@type\":\"ListItem\",\"position\":1,\"name\":\"Accueil\",\"item\":\"https:\\\/\\\/www.lafineheure.fr\\\/\"},{\"@type\":\"ListItem\",\"position\":2,\"name\":\"Boutique\",\"item\":\"https:\\\/\\\/www.lafineheure.fr\\\/index.php\\\/boutique\\\/\"},{\"@type\":\"ListItem\",\"position\":3,\"name\":\"Clos de la Roche \u00ab\u00a0Cuv\u00e9e Vieilles Vignes\u00a0\u00bb 2013\"}]},{\"@type\":\"WebSite\",\"@id\":\"https:\\\/\\\/www.lafineheure.fr\\\/#website\",\"url\":\"https:\\\/\\\/www.lafineheure.fr\\\/\",\"name\":\"La Fine Heure\",\"description\":\"Restaurant - Cave \u00e0 vins\",\"publisher\":{\"@id\":\"https:\\\/\\\/www.lafineheure.fr\\\/#organization\"},\"potentialAction\":[{\"@type\":\"SearchAction\",\"target\":{\"@type\":\"EntryPoint\",\"urlTemplate\":\"https:\\\/\\\/www.lafineheure.fr\\\/?s={search_term_string}\"},\"query-input\":{\"@type\":\"PropertyValueSpecification\",\"valueRequired\":true,\"valueName\":\"search_term_string\"}}],\"inLanguage\":\"fr-FR\"},{\"@type\":\"Organization\",\"@id\":\"https:\\\/\\\/www.lafineheure.fr\\\/#organization\",\"name\":\"La Fine Heure\",\"url\":\"https:\\\/\\\/www.lafineheure.fr\\\/\",\"logo\":{\"@type\":\"ImageObject\",\"inLanguage\":\"fr-FR\",\"@id\":\"https:\\\/\\\/www.lafineheure.fr\\\/#\\\/schema\\\/logo\\\/image\\\/\",\"url\":\"https:\\\/\\\/www.lafineheure.fr\\\/wp-content\\\/uploads\\\/2020\\\/09\\\/logo-la-fine-heure_RVB.png\",\"contentUrl\":\"https:\\\/\\\/www.lafineheure.fr\\\/wp-content\\\/uploads\\\/2020\\\/09\\\/logo-la-fine-heure_RVB.png\",\"width\":1470,\"height\":1147,\"caption\":\"La Fine Heure\"},\"image\":{\"@id\":\"https:\\\/\\\/www.lafineheure.fr\\\/#\\\/schema\\\/logo\\\/image\\\/\"}}]}<\/script>\n<!-- \/ Yoast SEO plugin. -->","yoast_head_json":{"title":"Clos de la Roche \"Cuv\u00e9e Vieilles Vignes\" 2013 - La Fine Heure","description":"D\u00e9couvrez les cuv\u00e9es s\u00e9lectionn\u00e9es par La Fine Heure avec Clos de la Roche \"Cuv\u00e9e Vieilles Vignes\" 2013 ou l'ensemble des vins rouges, blancs ou ros\u00e9s.","robots":{"index":"index","follow":"follow","max-snippet":"max-snippet:-1","max-image-preview":"max-image-preview:large","max-video-preview":"max-video-preview:-1"},"canonical":"https:\/\/www.lafineheure.fr\/index.php\/produit\/clos-de-la-roche-cuvee-vieilles-vignes-2013\/","og_locale":"fr_FR","og_type":"article","og_title":"Clos de la Roche \"Cuv\u00e9e Vieilles Vignes\" 2013 - La Fine Heure","og_description":"D\u00e9couvrez les cuv\u00e9es s\u00e9lectionn\u00e9es par La Fine Heure avec Clos de la Roche \"Cuv\u00e9e Vieilles Vignes\" 2013 ou l'ensemble des vins rouges, blancs ou ros\u00e9s.","og_url":"https:\/\/www.lafineheure.fr\/index.php\/produit\/clos-de-la-roche-cuvee-vieilles-vignes-2013\/","og_site_name":"La Fine Heure","article_modified_time":"2024-05-24T08:49:24+00:00","og_image":[{"width":512,"height":1827,"url":"https:\/\/www.lafineheure.fr\/wp-content\/uploads\/2023\/12\/CLODELAROCVV2013.png","type":"image\/png"}],"twitter_card":"summary_large_image","twitter_misc":{"Dur\u00e9e de lecture estim\u00e9e":"1 minute"},"schema":{"@context":"https:\/\/schema.org","@graph":[{"@type":"WebPage","@id":"https:\/\/www.lafineheure.fr\/index.php\/produit\/clos-de-la-roche-cuvee-vieilles-vignes-2013\/","url":"https:\/\/www.lafineheure.fr\/index.php\/produit\/clos-de-la-roche-cuvee-vieilles-vignes-2013\/","name":"Clos de la Roche \"Cuv\u00e9e Vieilles Vignes\" 2013 - La Fine Heure","isPartOf":{"@id":"https:\/\/www.lafineheure.fr\/#website"},"primaryImageOfPage":{"@id":"https:\/\/www.lafineheure.fr\/index.php\/produit\/clos-de-la-roche-cuvee-vieilles-vignes-2013\/#primaryimage"},"image":{"@id":"https:\/\/www.lafineheure.fr\/index.php\/produit\/clos-de-la-roche-cuvee-vieilles-vignes-2013\/#primaryimage"},"thumbnailUrl":"https:\/\/www.lafineheure.fr\/wp-content\/uploads\/2023\/12\/CLODELAROCVV2013.png","datePublished":"2023-12-18T14:50:06+00:00","dateModified":"2024-05-24T08:49:24+00:00","description":"D\u00e9couvrez les cuv\u00e9es s\u00e9lectionn\u00e9es par La Fine Heure avec Clos de la Roche \"Cuv\u00e9e Vieilles Vignes\" 2013 ou l'ensemble des vins rouges, blancs ou ros\u00e9s.","breadcrumb":{"@id":"https:\/\/www.lafineheure.fr\/index.php\/produit\/clos-de-la-roche-cuvee-vieilles-vignes-2013\/#breadcrumb"},"inLanguage":"fr-FR","potentialAction":[{"@type":"ReadAction","target":["https:\/\/www.lafineheure.fr\/index.php\/produit\/clos-de-la-roche-cuvee-vieilles-vignes-2013\/"]}]},{"@type":"ImageObject","inLanguage":"fr-FR","@id":"https:\/\/www.lafineheure.fr\/index.php\/produit\/clos-de-la-roche-cuvee-vieilles-vignes-2013\/#primaryimage","url":"https:\/\/www.lafineheure.fr\/wp-content\/uploads\/2023\/12\/CLODELAROCVV2013.png","contentUrl":"https:\/\/www.lafineheure.fr\/wp-content\/uploads\/2023\/12\/CLODELAROCVV2013.png","width":512,"height":1827,"caption":"Boutique spiritueux Dijon - cave \u00e0 vin"},{"@type":"BreadcrumbList","@id":"https:\/\/www.lafineheure.fr\/index.php\/produit\/clos-de-la-roche-cuvee-vieilles-vignes-2013\/#breadcrumb","itemListElement":[{"@type":"ListItem","position":1,"name":"Accueil","item":"https:\/\/www.lafineheure.fr\/"},{"@type":"ListItem","position":2,"name":"Boutique","item":"https:\/\/www.lafineheure.fr\/index.php\/boutique\/"},{"@type":"ListItem","position":3,"name":"Clos de la Roche \u00ab\u00a0Cuv\u00e9e Vieilles Vignes\u00a0\u00bb 2013"}]},{"@type":"WebSite","@id":"https:\/\/www.lafineheure.fr\/#website","url":"https:\/\/www.lafineheure.fr\/","name":"La Fine Heure","description":"Restaurant - Cave \u00e0 vins","publisher":{"@id":"https:\/\/www.lafineheure.fr\/#organization"},"potentialAction":[{"@type":"SearchAction","target":{"@type":"EntryPoint","urlTemplate":"https:\/\/www.lafineheure.fr\/?s={search_term_string}"},"query-input":{"@type":"PropertyValueSpecification","valueRequired":true,"valueName":"search_term_string"}}],"inLanguage":"fr-FR"},{"@type":"Organization","@id":"https:\/\/www.lafineheure.fr\/#organization","name":"La Fine Heure","url":"https:\/\/www.lafineheure.fr\/","logo":{"@type":"ImageObject","inLanguage":"fr-FR","@id":"https:\/\/www.lafineheure.fr\/#\/schema\/logo\/image\/","url":"https:\/\/www.lafineheure.fr\/wp-content\/uploads\/2020\/09\/logo-la-fine-heure_RVB.png","contentUrl":"https:\/\/www.lafineheure.fr\/wp-content\/uploads\/2020\/09\/logo-la-fine-heure_RVB.png","width":1470,"height":1147,"caption":"La Fine Heure"},"image":{"@id":"https:\/\/www.lafineheure.fr\/#\/schema\/logo\/image\/"}}]}},"_links":{"self":[{"href":"https:\/\/www.lafineheure.fr\/index.php\/wp-json\/wp\/v2\/product\/3787","targetHints":{"allow":["GET"]}}],"collection":[{"href":"https:\/\/www.lafineheure.fr\/index.php\/wp-json\/wp\/v2\/product"}],"about":[{"href":"https:\/\/www.lafineheure.fr\/index.php\/wp-json\/wp\/v2\/types\/product"}],"replies":[{"embeddable":true,"href":"https:\/\/www.lafineheure.fr\/index.php\/wp-json\/wp\/v2\/comments?post=3787"}],"wp:featuredmedia":[{"embeddable":true,"href":"https:\/\/www.lafineheure.fr\/index.php\/wp-json\/wp\/v2\/media\/3909"}],"wp:attachment":[{"href":"https:\/\/www.lafineheure.fr\/index.php\/wp-json\/wp\/v2\/media?parent=3787"}],"wp:term":[{"taxonomy":"product_brand","embeddable":true,"href":"https:\/\/www.lafineheure.fr\/index.php\/wp-json\/wp\/v2\/product_brand?post=3787"},{"taxonomy":"product_cat","embeddable":true,"href":"https:\/\/www.lafineheure.fr\/index.php\/wp-json\/wp\/v2\/product_cat?post=3787"},{"taxonomy":"product_tag","embeddable":true,"href":"https:\/\/www.lafineheure.fr\/index.php\/wp-json\/wp\/v2\/product_tag?post=3787"}],"curies":[{"name":"wp","href":"https:\/\/api.w.org\/{rel}","templated":true}]}}