{"id":4320,"date":"2024-06-17T13:47:17","date_gmt":"2024-06-17T11:47:17","guid":{"rendered":"https:\/\/www.lafineheure.fr\/?post_type=product&#038;p=4320"},"modified":"2026-03-31T21:17:40","modified_gmt":"2026-03-31T19:17:40","slug":"diva-chablis-bio-la-cuve-en-ville-2023","status":"publish","type":"product","link":"https:\/\/www.lafineheure.fr\/index.php\/produit\/diva-chablis-bio-la-cuve-en-ville-2023\/","title":{"rendered":"Diva &#8211; Chablis BIO &#8211; La Cuve en Ville &#8211; 2024"},"content":{"rendered":"<p>Diva, un Chablis AOC puissant et complexe qui vient d&rsquo;une parcelle expos\u00e9e Ouest, vinifi\u00e9 en levures indig\u00e8nes et \u00e9lev\u00e9 8 mois en f\u00fbts.<\/p>\n<p>La Cuve en Ville \u00e0 Dijon est un projet unique initi\u00e9 par Ana\u00efs Bouchard. Associ\u00e9 \u00e0 Jonathan MOLLION, tout deux originaires de Chablis ils ont d\u00e9velopp\u00e9s ce projet dans un but p\u00e9dagogique et soci\u00e9tal. \u00ab\u00a0De la Cuve \u00e0 la Table\u00a0\u00bb<\/p>\n<p>Il s&rsquo;agit d&rsquo;un chai urbain biologique situ\u00e9 au c\u0153ur de Dijon, dans les caves du restaurant La Fine Heure. L&rsquo;objectif est de r\u00e9introduire l&rsquo;artisanat vinicole en ville, en produisant du vin \u00e0 partir de c\u00e9pages locaux cultiv\u00e9s en agriculture biologique.<\/p>\n<p>Ana\u00efs Bouchard met un point d&rsquo;honneur \u00e0 travailler avec des vignerons partageant des valeurs communes, privil\u00e9giant le circuit ultra-court pour la distribution de ses vins. La production annuelle est limit\u00e9e, ce qui permet de vendre une bonne partie au restaurant La Fine Heure et dans un rayon de 150km.<\/p>\n","protected":false},"excerpt":{"rendered":"<p>DIVA 2023, Chablis AOC Bio &#8211; \u00ab\u00a0La Cuve en Ville\u00a0\u00bb &#8211; 75cl<\/p>\n","protected":false},"featured_media":4362,"comment_status":"open","ping_status":"closed","template":"","meta":{"_acf_changed":false},"product_brand":[],"product_cat":[111],"product_tag":[110],"class_list":{"0":"post-4320","1":"product","2":"type-product","3":"status-publish","4":"has-post-thumbnail","6":"product_cat-vin","7":"product_tag-bourgogne","9":"first","10":"instock","11":"shipping-taxable","12":"purchasable","13":"product-type-simple"},"acf":[],"yoast_head":"<!-- This site is optimized with the Yoast SEO plugin v27.4 - https:\/\/yoast.com\/product\/yoast-seo-wordpress\/ -->\n<title>Diva - Chablis BIO - La Cuve en Ville - 2024 - La Fine Heure<\/title>\n<meta name=\"description\" content=\"D\u00e9couvrez les cuv\u00e9es s\u00e9lectionn\u00e9es par La Fine Heure avec Diva - Chablis BIO - La Cuve en Ville - 2024 ou l&#039;ensemble des vins rouges, blancs ou ros\u00e9s.\" \/>\n<meta name=\"robots\" content=\"index, follow, max-snippet:-1, max-image-preview:large, max-video-preview:-1\" \/>\n<link rel=\"canonical\" href=\"https:\/\/www.lafineheure.fr\/index.php\/produit\/diva-chablis-bio-la-cuve-en-ville-2023\/\" \/>\n<meta property=\"og:locale\" content=\"fr_FR\" \/>\n<meta property=\"og:type\" content=\"article\" \/>\n<meta property=\"og:title\" content=\"Diva - Chablis BIO - La Cuve en Ville - 2024 - La Fine Heure\" \/>\n<meta property=\"og:description\" content=\"D\u00e9couvrez les cuv\u00e9es s\u00e9lectionn\u00e9es par La Fine Heure avec Diva - Chablis BIO - La Cuve en Ville - 2024 ou l&#039;ensemble des vins rouges, blancs ou ros\u00e9s.\" \/>\n<meta property=\"og:url\" content=\"https:\/\/www.lafineheure.fr\/index.php\/produit\/diva-chablis-bio-la-cuve-en-ville-2023\/\" \/>\n<meta property=\"og:site_name\" content=\"La Fine Heure\" \/>\n<meta property=\"article:modified_time\" content=\"2026-03-31T19:17:40+00:00\" \/>\n<meta property=\"og:image\" content=\"https:\/\/www.lafineheure.fr\/wp-content\/uploads\/2024\/06\/DIVA-1-255x1024.png\" \/>\n\t<meta property=\"og:image:width\" content=\"255\" \/>\n\t<meta property=\"og:image:height\" content=\"1024\" \/>\n\t<meta property=\"og:image:type\" content=\"image\/png\" \/>\n<meta name=\"twitter:card\" content=\"summary_large_image\" \/>\n<meta name=\"twitter:label1\" content=\"Dur\u00e9e de lecture estim\u00e9e\" \/>\n\t<meta name=\"twitter:data1\" content=\"1 minute\" \/>\n<script type=\"application\/ld+json\" class=\"yoast-schema-graph\">{\"@context\":\"https:\\\/\\\/schema.org\",\"@graph\":[{\"@type\":\"WebPage\",\"@id\":\"https:\\\/\\\/www.lafineheure.fr\\\/index.php\\\/produit\\\/diva-chablis-bio-la-cuve-en-ville-2023\\\/\",\"url\":\"https:\\\/\\\/www.lafineheure.fr\\\/index.php\\\/produit\\\/diva-chablis-bio-la-cuve-en-ville-2023\\\/\",\"name\":\"Diva - Chablis BIO - La Cuve en Ville - 2024 - La Fine Heure\",\"isPartOf\":{\"@id\":\"https:\\\/\\\/www.lafineheure.fr\\\/#website\"},\"primaryImageOfPage\":{\"@id\":\"https:\\\/\\\/www.lafineheure.fr\\\/index.php\\\/produit\\\/diva-chablis-bio-la-cuve-en-ville-2023\\\/#primaryimage\"},\"image\":{\"@id\":\"https:\\\/\\\/www.lafineheure.fr\\\/index.php\\\/produit\\\/diva-chablis-bio-la-cuve-en-ville-2023\\\/#primaryimage\"},\"thumbnailUrl\":\"https:\\\/\\\/www.lafineheure.fr\\\/wp-content\\\/uploads\\\/2024\\\/06\\\/DIVA-1.png\",\"datePublished\":\"2024-06-17T11:47:17+00:00\",\"dateModified\":\"2026-03-31T19:17:40+00:00\",\"description\":\"D\u00e9couvrez les cuv\u00e9es s\u00e9lectionn\u00e9es par La Fine Heure avec Diva - Chablis BIO - La Cuve en Ville - 2024 ou l'ensemble des vins rouges, blancs ou ros\u00e9s.\",\"breadcrumb\":{\"@id\":\"https:\\\/\\\/www.lafineheure.fr\\\/index.php\\\/produit\\\/diva-chablis-bio-la-cuve-en-ville-2023\\\/#breadcrumb\"},\"inLanguage\":\"fr-FR\",\"potentialAction\":[{\"@type\":\"ReadAction\",\"target\":[\"https:\\\/\\\/www.lafineheure.fr\\\/index.php\\\/produit\\\/diva-chablis-bio-la-cuve-en-ville-2023\\\/\"]}]},{\"@type\":\"ImageObject\",\"inLanguage\":\"fr-FR\",\"@id\":\"https:\\\/\\\/www.lafineheure.fr\\\/index.php\\\/produit\\\/diva-chablis-bio-la-cuve-en-ville-2023\\\/#primaryimage\",\"url\":\"https:\\\/\\\/www.lafineheure.fr\\\/wp-content\\\/uploads\\\/2024\\\/06\\\/DIVA-1.png\",\"contentUrl\":\"https:\\\/\\\/www.lafineheure.fr\\\/wp-content\\\/uploads\\\/2024\\\/06\\\/DIVA-1.png\",\"width\":960,\"height\":3855},{\"@type\":\"BreadcrumbList\",\"@id\":\"https:\\\/\\\/www.lafineheure.fr\\\/index.php\\\/produit\\\/diva-chablis-bio-la-cuve-en-ville-2023\\\/#breadcrumb\",\"itemListElement\":[{\"@type\":\"ListItem\",\"position\":1,\"name\":\"Accueil\",\"item\":\"https:\\\/\\\/www.lafineheure.fr\\\/\"},{\"@type\":\"ListItem\",\"position\":2,\"name\":\"Boutique\",\"item\":\"https:\\\/\\\/www.lafineheure.fr\\\/index.php\\\/boutique\\\/\"},{\"@type\":\"ListItem\",\"position\":3,\"name\":\"Diva &#8211; Chablis BIO &#8211; La Cuve en Ville &#8211; 2024\"}]},{\"@type\":\"WebSite\",\"@id\":\"https:\\\/\\\/www.lafineheure.fr\\\/#website\",\"url\":\"https:\\\/\\\/www.lafineheure.fr\\\/\",\"name\":\"La Fine Heure\",\"description\":\"Restaurant - Cave \u00e0 vins\",\"publisher\":{\"@id\":\"https:\\\/\\\/www.lafineheure.fr\\\/#organization\"},\"potentialAction\":[{\"@type\":\"SearchAction\",\"target\":{\"@type\":\"EntryPoint\",\"urlTemplate\":\"https:\\\/\\\/www.lafineheure.fr\\\/?s={search_term_string}\"},\"query-input\":{\"@type\":\"PropertyValueSpecification\",\"valueRequired\":true,\"valueName\":\"search_term_string\"}}],\"inLanguage\":\"fr-FR\"},{\"@type\":\"Organization\",\"@id\":\"https:\\\/\\\/www.lafineheure.fr\\\/#organization\",\"name\":\"La Fine Heure\",\"url\":\"https:\\\/\\\/www.lafineheure.fr\\\/\",\"logo\":{\"@type\":\"ImageObject\",\"inLanguage\":\"fr-FR\",\"@id\":\"https:\\\/\\\/www.lafineheure.fr\\\/#\\\/schema\\\/logo\\\/image\\\/\",\"url\":\"https:\\\/\\\/www.lafineheure.fr\\\/wp-content\\\/uploads\\\/2020\\\/09\\\/logo-la-fine-heure_RVB.png\",\"contentUrl\":\"https:\\\/\\\/www.lafineheure.fr\\\/wp-content\\\/uploads\\\/2020\\\/09\\\/logo-la-fine-heure_RVB.png\",\"width\":1470,\"height\":1147,\"caption\":\"La Fine Heure\"},\"image\":{\"@id\":\"https:\\\/\\\/www.lafineheure.fr\\\/#\\\/schema\\\/logo\\\/image\\\/\"}}]}<\/script>\n<!-- \/ Yoast SEO plugin. -->","yoast_head_json":{"title":"Diva - Chablis BIO - La Cuve en Ville - 2024 - La Fine Heure","description":"D\u00e9couvrez les cuv\u00e9es s\u00e9lectionn\u00e9es par La Fine Heure avec Diva - Chablis BIO - La Cuve en Ville - 2024 ou l'ensemble des vins rouges, blancs ou ros\u00e9s.","robots":{"index":"index","follow":"follow","max-snippet":"max-snippet:-1","max-image-preview":"max-image-preview:large","max-video-preview":"max-video-preview:-1"},"canonical":"https:\/\/www.lafineheure.fr\/index.php\/produit\/diva-chablis-bio-la-cuve-en-ville-2023\/","og_locale":"fr_FR","og_type":"article","og_title":"Diva - Chablis BIO - La Cuve en Ville - 2024 - La Fine Heure","og_description":"D\u00e9couvrez les cuv\u00e9es s\u00e9lectionn\u00e9es par La Fine Heure avec Diva - Chablis BIO - La Cuve en Ville - 2024 ou l'ensemble des vins rouges, blancs ou ros\u00e9s.","og_url":"https:\/\/www.lafineheure.fr\/index.php\/produit\/diva-chablis-bio-la-cuve-en-ville-2023\/","og_site_name":"La Fine Heure","article_modified_time":"2026-03-31T19:17:40+00:00","og_image":[{"width":255,"height":1024,"url":"https:\/\/www.lafineheure.fr\/wp-content\/uploads\/2024\/06\/DIVA-1-255x1024.png","type":"image\/png"}],"twitter_card":"summary_large_image","twitter_misc":{"Dur\u00e9e de lecture estim\u00e9e":"1 minute"},"schema":{"@context":"https:\/\/schema.org","@graph":[{"@type":"WebPage","@id":"https:\/\/www.lafineheure.fr\/index.php\/produit\/diva-chablis-bio-la-cuve-en-ville-2023\/","url":"https:\/\/www.lafineheure.fr\/index.php\/produit\/diva-chablis-bio-la-cuve-en-ville-2023\/","name":"Diva - Chablis BIO - La Cuve en Ville - 2024 - La Fine Heure","isPartOf":{"@id":"https:\/\/www.lafineheure.fr\/#website"},"primaryImageOfPage":{"@id":"https:\/\/www.lafineheure.fr\/index.php\/produit\/diva-chablis-bio-la-cuve-en-ville-2023\/#primaryimage"},"image":{"@id":"https:\/\/www.lafineheure.fr\/index.php\/produit\/diva-chablis-bio-la-cuve-en-ville-2023\/#primaryimage"},"thumbnailUrl":"https:\/\/www.lafineheure.fr\/wp-content\/uploads\/2024\/06\/DIVA-1.png","datePublished":"2024-06-17T11:47:17+00:00","dateModified":"2026-03-31T19:17:40+00:00","description":"D\u00e9couvrez les cuv\u00e9es s\u00e9lectionn\u00e9es par La Fine Heure avec Diva - Chablis BIO - La Cuve en Ville - 2024 ou l'ensemble des vins rouges, blancs ou ros\u00e9s.","breadcrumb":{"@id":"https:\/\/www.lafineheure.fr\/index.php\/produit\/diva-chablis-bio-la-cuve-en-ville-2023\/#breadcrumb"},"inLanguage":"fr-FR","potentialAction":[{"@type":"ReadAction","target":["https:\/\/www.lafineheure.fr\/index.php\/produit\/diva-chablis-bio-la-cuve-en-ville-2023\/"]}]},{"@type":"ImageObject","inLanguage":"fr-FR","@id":"https:\/\/www.lafineheure.fr\/index.php\/produit\/diva-chablis-bio-la-cuve-en-ville-2023\/#primaryimage","url":"https:\/\/www.lafineheure.fr\/wp-content\/uploads\/2024\/06\/DIVA-1.png","contentUrl":"https:\/\/www.lafineheure.fr\/wp-content\/uploads\/2024\/06\/DIVA-1.png","width":960,"height":3855},{"@type":"BreadcrumbList","@id":"https:\/\/www.lafineheure.fr\/index.php\/produit\/diva-chablis-bio-la-cuve-en-ville-2023\/#breadcrumb","itemListElement":[{"@type":"ListItem","position":1,"name":"Accueil","item":"https:\/\/www.lafineheure.fr\/"},{"@type":"ListItem","position":2,"name":"Boutique","item":"https:\/\/www.lafineheure.fr\/index.php\/boutique\/"},{"@type":"ListItem","position":3,"name":"Diva &#8211; Chablis BIO &#8211; La Cuve en Ville &#8211; 2024"}]},{"@type":"WebSite","@id":"https:\/\/www.lafineheure.fr\/#website","url":"https:\/\/www.lafineheure.fr\/","name":"La Fine Heure","description":"Restaurant - Cave \u00e0 vins","publisher":{"@id":"https:\/\/www.lafineheure.fr\/#organization"},"potentialAction":[{"@type":"SearchAction","target":{"@type":"EntryPoint","urlTemplate":"https:\/\/www.lafineheure.fr\/?s={search_term_string}"},"query-input":{"@type":"PropertyValueSpecification","valueRequired":true,"valueName":"search_term_string"}}],"inLanguage":"fr-FR"},{"@type":"Organization","@id":"https:\/\/www.lafineheure.fr\/#organization","name":"La Fine Heure","url":"https:\/\/www.lafineheure.fr\/","logo":{"@type":"ImageObject","inLanguage":"fr-FR","@id":"https:\/\/www.lafineheure.fr\/#\/schema\/logo\/image\/","url":"https:\/\/www.lafineheure.fr\/wp-content\/uploads\/2020\/09\/logo-la-fine-heure_RVB.png","contentUrl":"https:\/\/www.lafineheure.fr\/wp-content\/uploads\/2020\/09\/logo-la-fine-heure_RVB.png","width":1470,"height":1147,"caption":"La Fine Heure"},"image":{"@id":"https:\/\/www.lafineheure.fr\/#\/schema\/logo\/image\/"}}]}},"_links":{"self":[{"href":"https:\/\/www.lafineheure.fr\/index.php\/wp-json\/wp\/v2\/product\/4320","targetHints":{"allow":["GET"]}}],"collection":[{"href":"https:\/\/www.lafineheure.fr\/index.php\/wp-json\/wp\/v2\/product"}],"about":[{"href":"https:\/\/www.lafineheure.fr\/index.php\/wp-json\/wp\/v2\/types\/product"}],"replies":[{"embeddable":true,"href":"https:\/\/www.lafineheure.fr\/index.php\/wp-json\/wp\/v2\/comments?post=4320"}],"wp:featuredmedia":[{"embeddable":true,"href":"https:\/\/www.lafineheure.fr\/index.php\/wp-json\/wp\/v2\/media\/4362"}],"wp:attachment":[{"href":"https:\/\/www.lafineheure.fr\/index.php\/wp-json\/wp\/v2\/media?parent=4320"}],"wp:term":[{"taxonomy":"product_brand","embeddable":true,"href":"https:\/\/www.lafineheure.fr\/index.php\/wp-json\/wp\/v2\/product_brand?post=4320"},{"taxonomy":"product_cat","embeddable":true,"href":"https:\/\/www.lafineheure.fr\/index.php\/wp-json\/wp\/v2\/product_cat?post=4320"},{"taxonomy":"product_tag","embeddable":true,"href":"https:\/\/www.lafineheure.fr\/index.php\/wp-json\/wp\/v2\/product_tag?post=4320"}],"curies":[{"name":"wp","href":"https:\/\/api.w.org\/{rel}","templated":true}]}}